{"id":273,"date":"2018-04-26T08:24:04","date_gmt":"2018-04-26T12:24:04","guid":{"rendered":"https:\/\/maconneriedepot.com\/?page_id=273"},"modified":"2019-04-23T14:40:23","modified_gmt":"2019-04-23T18:40:23","slug":"history","status":"publish","type":"page","link":"https:\/\/maconneriedepot.com\/en\/about\/history\/","title":{"rendered":"History"},"content":{"rendered":"<div class=\"wpb-content-wrapper\"><p>[vc_row css_animation=&#8221;&#8221; row_type=&#8221;row&#8221; use_row_as_full_screen_section=&#8221;no&#8221; type=&#8221;full_width&#8221; angled_section=&#8221;no&#8221; text_align=&#8221;center&#8221; background_image_as_pattern=&#8221;without_pattern&#8221; el_class=&#8221;rowTopBanner&#8221; z_index=&#8221;&#8221; css=&#8221;.vc_custom_1550764799581{background-image: url(https:\/\/maconneriedepot.com\/wp-content\/uploads\/2019\/02\/HistoryBanner.jpg?id=1157) !important;}&#8221;][vc_column][vc_column_text]<\/p>\n<h2>History<\/h2>\n<p>[\/vc_column_text][\/vc_column][\/vc_row][vc_row css_animation=&#8221;&#8221; row_type=&#8221;row&#8221; use_row_as_full_screen_section=&#8221;no&#8221; type=&#8221;grid&#8221; angled_section=&#8221;no&#8221; text_align=&#8221;left&#8221; background_image_as_pattern=&#8221;without_pattern&#8221; z_index=&#8221;&#8221; css=&#8221;.vc_custom_1524148018472{padding-top: 150px !important;padding-bottom: 150px !important;background-color: #ffffff !important;}&#8221; el_class=&#8221;historiqueContent&#8221;][vc_column width=&#8221;1\/2&#8243;][vc_single_image image=&#8221;1000&#8243; img_size=&#8221;full&#8221; alignment=&#8221;center&#8221; qode_css_animation=&#8221;&#8221;][\/vc_column][vc_column width=&#8221;1\/2&#8243;][vc_column_text]<\/p>\n<h2>Our story: The Beginning<\/h2>\n<p><strong>Established in 2005 as P\u00e9pini\u00e8re du Golf, M\u00e7onnerie D\u00e9p\u00f4t has built a solid reputation for themselves through their customers.<\/strong><\/p>\n<p>We are committed to satisfying the needs of all and providing you with quality service to provide our residential and commercial customers with the best in the industry. Much of our success is attributed to our loyal and dedicated employees who are always concerned about the quality and sustainability of our relationships with our customers.<\/p>\n<p>Your house is your kingdom. You invest a lot of time and money in creating an ideal environment for your family. When it comes to an outdoor living space, Ma\u00e7onnerie D\u00e9p\u00f4t is the leader in the Outaouais for custom masonry services, paving stones, natural stone, and other outdoor landscaping.[\/vc_column_text][\/vc_column][\/vc_row][vc_row css_animation=&#8221;&#8221; row_type=&#8221;row&#8221; use_row_as_full_screen_section=&#8221;no&#8221; type=&#8221;full_width&#8221; angled_section=&#8221;no&#8221; text_align=&#8221;left&#8221; background_image_as_pattern=&#8221;without_pattern&#8221; el_class=&#8221;rowTimeline disableRow&#8221; z_index=&#8221;&#8221; css=&#8221;.vc_custom_1527696416883{padding-bottom: 50px !important;background-color: #f2f2f2 !important;}&#8221;][vc_column][vc_row_inner row_type=&#8221;row&#8221; type=&#8221;grid&#8221; text_align=&#8221;left&#8221; css_animation=&#8221;&#8221; el_class=&#8221;rowTimelineSlide&#8221;][vc_column_inner]<div class=\"image_with_text\"><img decoding=\"async\" itemprop=\"image\" src=\"https:\/\/maconneriedepot.com\/wp-content\/uploads\/2018\/04\/historiqueTimeline1.jpg\" alt=\"Maximinciis maionse\" \/><h2 style=\"color:#ff9933;\">Maximinciis maionse<\/h2><span style=\"margin: 6px 0px;\" class=\"separator transparent\"><\/span><\/p>\n<p>Git auta se nonecab orerspis explitiustis ut rehenda si culla audisi volent. Sunt accae. Adit voluptum in nobistis de maios sapicias moditiis enet fugiae nullacc aborem ad que sitatem iumqui consedit ulloreperi denim volecul luptat.<\/p>\n<p><\/div>[\/vc_column_inner][\/vc_row_inner][vc_row_inner row_type=&#8221;row&#8221; type=&#8221;grid&#8221; text_align=&#8221;left&#8221; css_animation=&#8221;&#8221; el_class=&#8221;rowTimelineSlide&#8221;][vc_column_inner]<div class=\"image_with_text\"><img decoding=\"async\" itemprop=\"image\" src=\"https:\/\/maconneriedepot.com\/wp-content\/uploads\/2018\/04\/historiqueTimeline1.jpg\" alt=\"Maximinciis maionse\" \/><h2 style=\"color:#ff9933;\">Maximinciis maionse<\/h2><span style=\"margin: 6px 0px;\" class=\"separator transparent\"><\/span><\/p>\n<p>Git auta se nonecab orerspis explitiustis ut rehenda si culla audisi volent. Sunt accae. Adit voluptum in nobistis de maios sapicias moditiis enet fugiae nullacc aborem ad que sitatem iumqui consedit ulloreperi denim volecul luptat.<\/p>\n<p><\/div>[\/vc_column_inner][\/vc_row_inner][\/vc_column][\/vc_row][vc_row css_animation=&#8221;&#8221; row_type=&#8221;row&#8221; use_row_as_full_screen_section=&#8221;no&#8221; type=&#8221;full_width&#8221; angled_section=&#8221;no&#8221; text_align=&#8221;left&#8221; background_image_as_pattern=&#8221;without_pattern&#8221;][vc_column]<div class=\"templatera_shortcode\"><style type=\"text\/css\" data-type=\"vc_shortcodes-custom-css\">.vc_custom_1550678497460{background-color: #ffffff !important;}<\/style><div      class=\"vc_row wpb_row section vc_row-fluid  rowDecouvrer vc_custom_1550678497460\" style=' text-align:left;'><div class=\" full_section_inner clearfix\"><div class=\"wpb_column vc_column_container vc_col-sm-12\"><div class=\"vc_column-inner\"><div class=\"wpb_wrapper\"><div      class=\"vc_row wpb_row section vc_row-fluid vc_inner  grid_section\" style=' text-align:left;'><div class=\" section_inner clearfix\"><div class='section_inner_margin clearfix'><div class=\"row3Blocks blockOrange wpb_column vc_column_container vc_col-sm-4\"><div class=\"vc_column-inner\"><div class=\"wpb_wrapper\">\n\t<div class=\"wpb_single_image wpb_content_element vc_align_left\">\n\t\t<div class=\"wpb_wrapper\">\n\t\t\t\n\t\t\t<div class=\"vc_single_image-wrapper   vc_box_border_grey\"><img loading=\"lazy\" decoding=\"async\" width=\"500\" height=\"450\" src=\"https:\/\/maconneriedepot.com\/wp-content\/uploads\/2018\/04\/row3Blocks5.jpg\" class=\"vc_single_image-img attachment-full\" alt=\"\" title=\"row3Blocks5\" srcset=\"https:\/\/maconneriedepot.com\/wp-content\/uploads\/2018\/04\/row3Blocks5.jpg 500w, https:\/\/maconneriedepot.com\/wp-content\/uploads\/2018\/04\/row3Blocks5-300x270.jpg 300w\" sizes=\"auto, (max-width: 500px) 100vw, 500px\" \/><\/div>\n\t\t<\/div>\n\t<\/div>\n\n\t<div class=\"wpb_text_column wpb_content_element \">\n\t\t<div class=\"wpb_wrapper\">\n\t\t\t<h2>Discover <strong>our portfolio<\/strong><\/h2>\n<p><a href=\"\/en\/portfolio\/\">Portfolio<\/a><\/p>\n\n\t\t<\/div> \n\t<\/div> <\/div><\/div><\/div><div class=\"row3Blocks blockGreen wpb_column vc_column_container vc_col-sm-4\"><div class=\"vc_column-inner\"><div class=\"wpb_wrapper\">\n\t<div class=\"wpb_single_image wpb_content_element vc_align_left\">\n\t\t<div class=\"wpb_wrapper\">\n\t\t\t\n\t\t\t<div class=\"vc_single_image-wrapper   vc_box_border_grey\"><img loading=\"lazy\" decoding=\"async\" width=\"500\" height=\"450\" src=\"https:\/\/maconneriedepot.com\/wp-content\/uploads\/2018\/04\/row3Blocks1-1.jpg\" class=\"vc_single_image-img attachment-full\" alt=\"\" title=\"row3Blocks1\" srcset=\"https:\/\/maconneriedepot.com\/wp-content\/uploads\/2018\/04\/row3Blocks1-1.jpg 500w, https:\/\/maconneriedepot.com\/wp-content\/uploads\/2018\/04\/row3Blocks1-1-300x270.jpg 300w\" sizes=\"auto, (max-width: 500px) 100vw, 500px\" \/><\/div>\n\t\t<\/div>\n\t<\/div>\n\n\t<div class=\"wpb_text_column wpb_content_element \">\n\t\t<div class=\"wpb_wrapper\">\n\t\t\t<h2>Discover <strong>Our History<\/strong><\/h2>\n<p><a href=\"\/en\/about\/history\/\">History<\/a><\/p>\n\n\t\t<\/div> \n\t<\/div> <\/div><\/div><\/div><div class=\"row3Blocks blockOrange wpb_column vc_column_container vc_col-sm-4\"><div class=\"vc_column-inner\"><div class=\"wpb_wrapper\">\n\t<div class=\"wpb_single_image wpb_content_element vc_align_left\">\n\t\t<div class=\"wpb_wrapper\">\n\t\t\t\n\t\t\t<div class=\"vc_single_image-wrapper   vc_box_border_grey\"><img loading=\"lazy\" decoding=\"async\" width=\"500\" height=\"450\" src=\"https:\/\/maconneriedepot.com\/wp-content\/uploads\/2018\/04\/row3Blocks3.jpg\" class=\"vc_single_image-img attachment-full\" alt=\"\" title=\"row3Blocks3\" srcset=\"https:\/\/maconneriedepot.com\/wp-content\/uploads\/2018\/04\/row3Blocks3.jpg 500w, https:\/\/maconneriedepot.com\/wp-content\/uploads\/2018\/04\/row3Blocks3-300x270.jpg 300w\" sizes=\"auto, (max-width: 500px) 100vw, 500px\" \/><\/div>\n\t\t<\/div>\n\t<\/div>\n\n\t<div class=\"wpb_text_column wpb_content_element \">\n\t\t<div class=\"wpb_wrapper\">\n\t\t\t<h2>Discover <strong>Our job offers<\/strong><\/h2>\n<p><a href=\"\/en\/carriere\/\">Career<\/a><\/p>\n\n\t\t<\/div> \n\t<\/div> <\/div><\/div><\/div><\/div><\/div><\/div><\/div><\/div><\/div><\/div><\/div><\/div>[\/vc_column][\/vc_row][vc_row css_animation=&#8221;&#8221; row_type=&#8221;row&#8221; use_row_as_full_screen_section=&#8221;no&#8221; type=&#8221;full_width&#8221; angled_section=&#8221;no&#8221; text_align=&#8221;left&#8221; background_image_as_pattern=&#8221;without_pattern&#8221; css=&#8221;.vc_custom_1523970857438{background-image: url(https:\/\/maconneriedepot.com\/wp-content\/uploads\/2018\/04\/rowTestimonials2.jpg?id=67) !important;background-position: center !important;background-repeat: no-repeat !important;background-size: cover !important;}&#8221; z_index=&#8221;&#8221; el_class=&#8221;rowTestimonials&#8221;][vc_column]<div class='testimonials_c_holder clearfix '><div class=\"testimonials_c testimonials_c_carousel\" data-show-navigation=\"no\" data-animation-speed=\"\" data-auto-rotate-slides=\"15\" data-number-per-slide=\"1\"><ul class=\"slides\"><li id=\"testimonials-c-323\" class=\"testimonial_content\"><div class=\"testimonial_content_inner\"><div class=\"testimonial_image_holder\"><img decoding=\"async\" src=\"https:\/\/maconneriedepot.com\/wp-content\/uploads\/2018\/04\/iconQuotes.png\" \/><\/div><div class=\"testimonial_text_holder\"><div class=\"testimonial_text_inner\" style=\"\"><p style='font-size:16px;'>Ma\u00e7onnerie D\u00e9p\u00f4t does not design landscaping, \"but we can recommend our customers to excellent landscapers who are suited to their needs and who will do the work at a good price.\"<\/p><p class=\"testimonial_author\" style=\"font-weight: 700;font-size: 16px;\">Claude Hamel - Copropri\u00e9taire<\/p><\/div><\/div><\/div><\/li><\/ul><\/div><\/div>[\/vc_column][\/vc_row][vc_row css_animation=&#8221;&#8221; row_type=&#8221;row&#8221; use_row_as_full_screen_section=&#8221;no&#8221; type=&#8221;grid&#8221; angled_section=&#8221;no&#8221; text_align=&#8221;left&#8221; background_image_as_pattern=&#8221;without_pattern&#8221; padding_top=&#8221;100&#8243; padding_bottom=&#8221;100&#8243; el_class=&#8221;row4Blocks&#8221; z_index=&#8221;&#8221; css=&#8221;.vc_custom_1524148197790{background-color: #f2f2f2 !important;}&#8221;][vc_column width=&#8221;1\/4&#8243;]<div class=\"image_with_text\"><img decoding=\"async\" itemprop=\"image\" src=\"https:\/\/maconneriedepot.com\/wp-content\/uploads\/2018\/04\/amenagement-paysager.jpg\" alt=\"Rev\u00eatement Aluminium\" \/><h3 style=\"color:#000000;\">Rev\u00eatement Aluminium<\/h3><span style=\"margin: 6px 0px;\" class=\"separator transparent\"><\/span><\/p>\n<p>Lorem ipsum dolor sit amet, consectetur adipiscing elit. Sed malesuada neque et turpis hendrerit, et porta dui efficitur.<\/p>\n<p><\/div>[\/vc_column][vc_column width=&#8221;1\/4&#8243;]<div class=\"image_with_text\"><img decoding=\"async\" itemprop=\"image\" src=\"https:\/\/maconneriedepot.com\/wp-content\/uploads\/2018\/04\/toiture.jpg\" alt=\"Pierre\" \/><h3 style=\"color:#000000;\">Pierre<\/h3><span style=\"margin: 6px 0px;\" class=\"separator transparent\"><\/span><\/p>\n<p>Lorem ipsum dolor sit amet, consectetur adipiscing elit. Sed malesuada neque et turpis hendrerit, et porta dui efficitur.<\/p>\n<p><\/div>[\/vc_column][vc_column width=&#8221;1\/4&#8243;]<div class=\"image_with_text\"><img decoding=\"async\" itemprop=\"image\" src=\"https:\/\/maconneriedepot.com\/wp-content\/uploads\/2018\/04\/revetement-exterieur.jpg\" alt=\"Brique\" \/><h3 style=\"color:#000000;\">Brique<\/h3><span style=\"margin: 6px 0px;\" class=\"separator transparent\"><\/span><\/p>\n<p>Lorem ipsum dolor sit amet, consectetur adipiscing elit. Sed malesuada neque et turpis hendrerit, et porta dui efficitur.<\/p>\n<p><\/div>[\/vc_column][vc_column width=&#8221;1\/4&#8243; el_class=&#8221;columnWithText&#8221;][vc_column_text]<img loading=\"lazy\" decoding=\"async\" class=\"alignnone size-full wp-image-98\" src=\"https:\/\/maconneriedepot.com\/wp-content\/uploads\/2018\/04\/Asset-1@2x.png\" alt=\"\" width=\"213\" height=\"150\" \/><\/p>\n<h2>A great range of products that for you!<\/h2>\n<p>Discover our other products<\/p>\n<p><a href=\"\/en\/products\/\">Our products<\/a><\/p>\n<p>[\/vc_column_text][\/vc_column][\/vc_row][vc_row css_animation=&#8221;&#8221; row_type=&#8221;row&#8221; use_row_as_full_screen_section=&#8221;no&#8221; type=&#8221;full_width&#8221; angled_section=&#8221;no&#8221; text_align=&#8221;left&#8221; background_image_as_pattern=&#8221;without_pattern&#8221;][vc_column]<div class=\"templatera_shortcode\"><div      class=\"vc_row wpb_row section vc_row-fluid  rowSoumission\" style='background-color:#336633; border-bottom: 1px solid #336633; text-align:left;'><div class=\" full_section_inner clearfix\"><div class=\"wpb_column vc_column_container vc_col-sm-12\"><div class=\"vc_column-inner\"><div class=\"wpb_wrapper\"><div id=\"rowSoumissionText\"     class=\"vc_row wpb_row section vc_row-fluid vc_inner  grid_section\" style=' text-align:left;'><div class=\" section_inner clearfix\"><div class='section_inner_margin clearfix'><div class=\"col1 wpb_column vc_column_container vc_col-sm-8\"><div class=\"vc_column-inner\"><div class=\"wpb_wrapper\">\n\t<div class=\"wpb_text_column wpb_content_element \">\n\t\t<div class=\"wpb_wrapper\">\n\t\t\t<p>Do not want to wait? Ask for a free quote!<\/p>\n\n\t\t<\/div> \n\t<\/div> <\/div><\/div><\/div><div class=\"col2 wpb_column vc_column_container vc_col-sm-4\"><div class=\"vc_column-inner\"><div class=\"wpb_wrapper\"><a id=\"soumissionFormShow\" itemprop=\"url\" href=\"#\" target=\"_blank\" data-hover-background-color=#ff8618 data-hover-border-color=#ff8618  class=\"qbutton  left default\" style=\"color: #ffffff; border-color: #ff9933; font-style: normal; font-weight: 300; font-family: Helvetica; text-transform: uppercase; font-size: 17px; margin: 35px 20px; border-radius: 8px;-moz-border-radius: 8px;-webkit-border-radius: 8px; background-color: #ff9933;\">Free quote<\/a><\/div><\/div><\/div><\/div><\/div><\/div><\/div><\/div><\/div><\/div><\/div><\/div>[\/vc_column][\/vc_row][vc_row css_animation=&#8221;&#8221; row_type=&#8221;row&#8221; use_row_as_full_screen_section=&#8221;no&#8221; type=&#8221;full_width&#8221; angled_section=&#8221;no&#8221; text_align=&#8221;left&#8221; background_image_as_pattern=&#8221;without_pattern&#8221;][vc_column]<div class=\"templatera_shortcode\"><div id=\"scrollToMap\"     class=\"vc_row wpb_row section vc_row-fluid  rowEmplacement\" style='background-color:#ff9933; text-align:left;'><div class=\" full_section_inner clearfix\"><div class=\"wpb_column vc_column_container vc_col-sm-12\"><div class=\"vc_column-inner\"><div class=\"wpb_wrapper\"><div      class=\"vc_row wpb_row section vc_row-fluid vc_inner \" style=' text-align:left;'><div class=\" full_section_inner clearfix\"><div class=\"wpb_column vc_column_container vc_col-sm-5\" id=\"rowMapText\"><div class=\"vc_column-inner\"><div class=\"wpb_wrapper\">\n\t<div class=\"wpb_text_column wpb_content_element  rowMapTextBlock\">\n\t\t<div class=\"wpb_wrapper\">\n\t\t\t<h2>Our Location<\/h2>\n<p>You can find us at 444 rue Saint-Louis, Gatineau, Quebec, J8P 8B3.<\/p>\n\n\t\t<\/div> \n\t<\/div> <div class='q_icon_with_title tiny custom_icon_image '><div class=\"icon_holder \" style=\" \"><img decoding=\"async\" itemprop=\"image\" style=\"\" src=\"https:\/\/maconneriedepot.com\/wp-content\/uploads\/2018\/04\/iconMail.png\" alt=\"\"><\/div><div class=\"icon_text_holder\" style=\"\"><div class=\"icon_text_inner\" style=\"\"><h5 class=\"icon_title\" style=\"\"><\/h5><p style=''><\/p><a itemprop='url' class='icon_with_title_link' href='mailto:info@maconneriedepot.com' target='_blank' style=''>info@maconneriedepot.com<\/a><\/div><\/div><\/div><div class='q_icon_with_title tiny custom_icon_image '><div class=\"icon_holder \" style=\" \"><img decoding=\"async\" itemprop=\"image\" style=\"\" src=\"https:\/\/maconneriedepot.com\/wp-content\/uploads\/2018\/04\/iconPhone.png\" alt=\"\"><\/div><div class=\"icon_text_holder\" style=\"\"><div class=\"icon_text_inner\" style=\"\"><h5 class=\"icon_title\" style=\"\"><\/h5><p style=''><\/p><a itemprop='url' class='icon_with_title_link' href='tel:8196630211' target='_blank' style=''>819-663-0211<\/a><\/div><\/div><\/div><a  itemprop=\"url\" href=\"\/en\/contact-us\/\" target=\"_self\" data-hover-background-color=#ffffff data-hover-border-color=#ff9933  class=\"qbutton  center default\" style=\"color: #ff9933; border-color: #ff9933; font-weight: 400; font-family: Helvetica; text-transform: uppercase; font-size: 14px; border-radius: 6px;-moz-border-radius: 6px;-webkit-border-radius: 6px; background-color: #ffffff;\">Contact Us<\/a><\/div><\/div><\/div><div class=\"wpb_column vc_column_container vc_col-sm-7\"><div class=\"vc_column-inner\"><div class=\"wpb_wrapper\"><div class='google_map_shortcode_holder' style='height:550px;'><div class='qode_google_map' style='height:550px;' id='map_canvas_46132' data-addresses='[\"444 rue Saint-Louis, Gatineau, Qu\u00e9bec, J8P 8B3\"]' data-custom-map-style='false' data-color-overlay='#393939' data-saturation='-100' data-lightness='-60' data-zoom='9' data-pin='https:\/\/maconneriedepot.com\/wp-content\/uploads\/2018\/04\/mapPin1.png' data-unique-id='46132' data-google-maps-scroll-wheel='false' data-snazzy-map-style='yes' data-map-height='550'><\/div><input type=\"hidden\" class=\"qode-snazzy-map\" value=\"`{`\r\n{\r\n``featureType``: ``all``,\r\n``elementType``: ``labels.text.fill``,\r\n``stylers``: `{`\r\n{\r\n``saturation``: 36\r\n},\r\n{\r\n``color``: ``#333333``\r\n},\r\n{\r\n``lightness``: 40\r\n}\r\n`}`\r\n},\r\n{\r\n``featureType``: ``all``,\r\n``elementType``: ``labels.text.stroke``,\r\n``stylers``: `{`\r\n{\r\n``visibility``: ``on``\r\n},\r\n{\r\n``color``: ``#ffffff``\r\n},\r\n{\r\n``lightness``: 16\r\n}\r\n`}`\r\n},\r\n{\r\n``featureType``: ``all``,\r\n``elementType``: ``labels.icon``,\r\n``stylers``: `{`\r\n{\r\n``visibility``: ``off``\r\n}\r\n`}`\r\n},\r\n{\r\n``featureType``: ``administrative``,\r\n``elementType``: ``geometry.fill``,\r\n``stylers``: `{`\r\n{\r\n``color``: ``#fefefe``\r\n},\r\n{\r\n``lightness``: 20\r\n}\r\n`}`\r\n},\r\n{\r\n``featureType``: ``administrative``,\r\n``elementType``: ``geometry.stroke``,\r\n``stylers``: `{`\r\n{\r\n``color``: ``#fefefe``\r\n},\r\n{\r\n``lightness``: 17\r\n},\r\n{\r\n``weight``: 1.2\r\n}\r\n`}`\r\n},\r\n{\r\n``featureType``: ``landscape``,\r\n``elementType``: ``geometry``,\r\n``stylers``: `{`\r\n{\r\n``color``: ``#f5f5f5``\r\n},\r\n{\r\n``lightness``: 20\r\n}\r\n`}`\r\n},\r\n{\r\n``featureType``: ``poi``,\r\n``elementType``: ``geometry``,\r\n``stylers``: `{`\r\n{\r\n``color``: ``#f5f5f5``\r\n},\r\n{\r\n``lightness``: 21\r\n}\r\n`}`\r\n},\r\n{\r\n``featureType``: ``poi.park``,\r\n``elementType``: ``geometry``,\r\n``stylers``: `{`\r\n{\r\n``color``: ``#dedede``\r\n},\r\n{\r\n``lightness``: 21\r\n}\r\n`}`\r\n},\r\n{\r\n``featureType``: ``road.highway``,\r\n``elementType``: ``geometry.fill``,\r\n``stylers``: `{`\r\n{\r\n``color``: ``#ffffff``\r\n},\r\n{\r\n``lightness``: 17\r\n}\r\n`}`\r\n},\r\n{\r\n``featureType``: ``road.highway``,\r\n``elementType``: ``geometry.stroke``,\r\n``stylers``: `{`\r\n{\r\n``color``: ``#ffffff``\r\n},\r\n{\r\n``lightness``: 29\r\n},\r\n{\r\n``weight``: 0.2\r\n}\r\n`}`\r\n},\r\n{\r\n``featureType``: ``road.arterial``,\r\n``elementType``: ``geometry``,\r\n``stylers``: `{`\r\n{\r\n``color``: ``#ffffff``\r\n},\r\n{\r\n``lightness``: 18\r\n}\r\n`}`\r\n},\r\n{\r\n``featureType``: ``road.local``,\r\n``elementType``: ``geometry``,\r\n``stylers``: `{`\r\n{\r\n``color``: ``#ffffff``\r\n},\r\n{\r\n``lightness``: 16\r\n}\r\n`}`\r\n},\r\n{\r\n``featureType``: ``transit``,\r\n``elementType``: ``geometry``,\r\n``stylers``: `{`\r\n{\r\n``color``: ``#f2f2f2``\r\n},\r\n{\r\n``lightness``: 19\r\n}\r\n`}`\r\n},\r\n{\r\n``featureType``: ``water``,\r\n``elementType``: ``geometry``,\r\n``stylers``: `{`\r\n{\r\n``color``: ``#e9e9e9``\r\n},\r\n{\r\n``lightness``: 17\r\n}\r\n`}`\r\n}\r\n`}` \" \/><div class='google_map_shortcode_overlay'><\/div><\/div>\n\t<div class=\"wpb_raw_code wpb_raw_js\" >\n\t\t<div class=\"wpb_wrapper\">\n\t\t\t<script type=\"text\/javascript\">\n  jQuery(document).ready(function() {\n    if(jQuery(window).width()>1199){\n      var rowMapLeft = jQuery(\".header_bottom > .container > .container_inner\");\n      jQuery(\"#rowMapText\").css(\"padding-left\", rowMapLeft.offset().left);\n    }else{\n      jQuery(\"#rowMapText\").removeAttr(\"style\");\n    }\n  });\n  jQuery(window).on('resize', function(){\n    if(jQuery(window).width()>1199){\n      var rowMapLeft = jQuery(\".header_bottom > .container > .container_inner\");\n      jQuery(\"#rowMapText\").css(\"padding-left\", rowMapLeft.offset().left);\n    }else{\n      jQuery(\"#rowMapText\").removeAttr(\"style\");\n    }\n  });\n<\/script>\n\t\t<\/div>\n\t<\/div>\n<\/div><\/div><\/div><\/div><\/div><\/div><\/div><\/div><\/div><\/div><\/div>[\/vc_column][\/vc_row][vc_row css_animation=&#8221;&#8221; row_type=&#8221;row&#8221; use_row_as_full_screen_section=&#8221;no&#8221; type=&#8221;full_width&#8221; angled_section=&#8221;no&#8221; text_align=&#8221;left&#8221; background_image_as_pattern=&#8221;without_pattern&#8221;][vc_column][vc_raw_js]JTNDc2NyaXB0JTIwdHlwZSUzRCUyMnRleHQlMkZqYXZhc2NyaXB0JTIyJTNFJTBBalF1ZXJ5JTI4ZG9jdW1lbnQlMjkucmVhZHklMjhmdW5jdGlvbiUyOCUyOSUyMCU3QiUwQSUyMCUyMGpRdWVyeSUyOCUyMi5yb3dUaW1lbGluZSUyMiUyOS5wcmVwZW5kJTI4JTIyJTNDZGl2JTIwY2xhc3MlM0QlMjdkb3RzQ29udGFpbmVyJTI3JTNFJTNDZGl2JTIwY2xhc3MlM0QlMjdkb3RzU3RyaWtlJTI3JTNFJTNDJTJGZGl2JTNFJTNDJTJGZGl2JTNFJTIyJTI5JTNCJTBBJTIwJTIwalF1ZXJ5JTI4JTIyLnJvd1RpbWVsaW5lU2xpZGUlMjIlMjkucGFyZW50JTI4JTIyLndwYl93cmFwcGVyJTIyJTI5LnNsaWNrJTI4JTdCJTBBJTIwJTIwJTIwJTIwZG90cyUzQSUyMHRydWUlMkMlMEElMjAlMjAlMjAlMjBhdXRvcGxheSUzQSUyMGZhbHNlJTJDJTBBJTIwJTIwJTIwJTIwYXJyb3dzJTNBJTIwZmFsc2UlMkMlMEElMjAlMjAlMjAlMjBpbmZpbml0ZSUzQSUyMGZhbHNlJTJDJTBBJTIwJTIwJTIwJTIwc3BlZWQlM0ElMjA1MDAlMkMlMEElMjAlMjAlMjAlMjBhcHBlbmREb3RzJTNBJTIwalF1ZXJ5JTI4JTIyLmRvdHNDb250YWluZXIlMjIlMjklMEElMjAlMjAlN0QlMjklM0IlMEElMjAlMjBqUXVlcnklMjglMjIuZG90c0NvbnRhaW5lciUyMC5zbGljay1kb3RzJTIwbGklMjIlMjkuZWFjaCUyOGZ1bmN0aW9uJTI4JTI5JTdCJTBBJTIwJTIwJTIwJTIwalF1ZXJ5JTI4dGhpcyUyOS5hcHBlbmQlMjglMjclM0NpbWclMjBjbGFzcyUzRCUyMnRpbWVsaW5lQXJyb3clMjIlMjBzcmMlM0QlMjIlMkZ3cC1jb250ZW50JTJGdXBsb2FkcyUyRjIwMTglMkYwNCUyRnRpbWVsaW5lQXJyb3cucG5nJTIyJTIwYWx0JTNEJTIyJTIyJTIwJTJGJTNFJTI3JTI5JTNCJTBBJTIwJTIwJTdEJTI5JTNCJTBBJTdEJTI5JTNCJTIwJTBBJTNDJTJGc2NyaXB0JTNF[\/vc_raw_js][\/vc_column][\/vc_row]<\/p>\n<\/div>","protected":false},"excerpt":{"rendered":"","protected":false},"author":3,"featured_media":0,"parent":272,"menu_order":1,"comment_status":"closed","ping_status":"closed","template":"full_width.php","meta":{"_acf_changed":false,"inline_featured_image":false,"footnotes":""},"class_list":["post-273","page","type-page","status-publish","hentry"],"acf":[],"_links":{"self":[{"href":"https:\/\/maconneriedepot.com\/en\/wp-json\/wp\/v2\/pages\/273","targetHints":{"allow":["GET"]}}],"collection":[{"href":"https:\/\/maconneriedepot.com\/en\/wp-json\/wp\/v2\/pages"}],"about":[{"href":"https:\/\/maconneriedepot.com\/en\/wp-json\/wp\/v2\/types\/page"}],"author":[{"embeddable":true,"href":"https:\/\/maconneriedepot.com\/en\/wp-json\/wp\/v2\/users\/3"}],"replies":[{"embeddable":true,"href":"https:\/\/maconneriedepot.com\/en\/wp-json\/wp\/v2\/comments?post=273"}],"version-history":[{"count":7,"href":"https:\/\/maconneriedepot.com\/en\/wp-json\/wp\/v2\/pages\/273\/revisions"}],"predecessor-version":[{"id":2126,"href":"https:\/\/maconneriedepot.com\/en\/wp-json\/wp\/v2\/pages\/273\/revisions\/2126"}],"up":[{"embeddable":true,"href":"https:\/\/maconneriedepot.com\/en\/wp-json\/wp\/v2\/pages\/272"}],"wp:attachment":[{"href":"https:\/\/maconneriedepot.com\/en\/wp-json\/wp\/v2\/media?parent=273"}],"curies":[{"name":"wp","href":"https:\/\/api.w.org\/{rel}","templated":true}]}}