{"id":276,"date":"2018-04-26T08:26:31","date_gmt":"2018-04-26T12:26:31","guid":{"rendered":"https:\/\/maconneriedepot.com\/?page_id=276"},"modified":"2025-07-22T14:20:13","modified_gmt":"2025-07-22T18:20:13","slug":"deliveries","status":"publish","type":"page","link":"https:\/\/maconneriedepot.com\/en\/deliveries\/","title":{"rendered":"Deliveries"},"content":{"rendered":"<div class=\"wpb-content-wrapper\"><p>[vc_row css_animation=&#8221;&#8221; row_type=&#8221;row&#8221; use_row_as_full_screen_section=&#8221;yes&#8221; type=&#8221;full_width&#8221; angled_section=&#8221;no&#8221; text_align=&#8221;center&#8221; background_image_as_pattern=&#8221;without_pattern&#8221; el_class=&#8221;rowTopBanner&#8221; z_index=&#8221;&#8221; css=&#8221;.vc_custom_1753208373284{background-image: url(https:\/\/maconneriedepot.com\/wp-content\/uploads\/2025\/07\/md_banniere_livraison.jpg?id=4768) !important;background-position: center !important;background-repeat: no-repeat !important;background-size: cover !important;border-radius: 1px !important;}&#8221;][vc_column][vc_column_text css=&#8221;&#8221;]<\/p>\n<h2>Deliveries<\/h2>\n<p>[\/vc_column_text][\/vc_column][\/vc_row][vc_row css_animation=&#8221;&#8221; row_type=&#8221;row&#8221; use_row_as_full_screen_section=&#8221;no&#8221; type=&#8221;grid&#8221; angled_section=&#8221;no&#8221; text_align=&#8221;left&#8221; background_image_as_pattern=&#8221;without_pattern&#8221; z_index=&#8221;&#8221; css=&#8221;.vc_custom_1524487548940{padding-top: 120px !important;padding-bottom: 80px !important;background-color: #ffffff !important;}&#8221; el_class=&#8221;produitsContent&#8221;][vc_column][vc_column_text css=&#8221;&#8221; el_class=&#8221;livraison_p_margins&#8221;]<\/p>\n<h2 style=\"text-align: center;\">What we can offer you!<\/h2>\n<p style=\"text-align: center;\">At Ma\u00e7onnerie D\u00e9p\u00f4t, we take pride in the quality of the services we offer. Whether it is landscaping, roofing, siding or masonry, we are ready. For us, service is above all!<\/p>\n<p style=\"text-align: center;\">1 cube truck<br \/>\n7 trailer trucks<\/p>\n<h3 style=\"text-align: center;\">Throughout the Outaouais region and beyond<\/h3>\n<p>[\/vc_column_text][vc_single_image image=&#8221;4722&#8243; img_size=&#8221;full&#8221; alignment=&#8221;center&#8221; css=&#8221;&#8221; qode_css_animation=&#8221;&#8221;][\/vc_column][\/vc_row][vc_row css_animation=&#8221;&#8221; row_type=&#8221;row&#8221; use_row_as_full_screen_section=&#8221;no&#8221; type=&#8221;grid&#8221; angled_section=&#8221;no&#8221; text_align=&#8221;left&#8221; background_image_as_pattern=&#8221;without_pattern&#8221; el_class=&#8221;rowHalfLayout&#8221; z_index=&#8221;&#8221; css=&#8221;.vc_custom_1752168152754{padding-top: 0px !important;padding-bottom: 80px !important;}&#8221;][vc_column][vc_row_inner row_type=&#8221;row&#8221; type=&#8221;full_width&#8221; text_align=&#8221;center&#8221; css_animation=&#8221;&#8221;][vc_column_inner el_class=&#8221;col col1&#8243; width=&#8221;1\/2&#8243;]<div class=\"image_with_text\"><img decoding=\"async\" itemprop=\"image\" src=\"https:\/\/maconneriedepot.com\/wp-content\/uploads\/2018\/06\/iconService5.png\" alt=\"Delivery\" \/><h2 style=\"color:#336633;\">Delivery<\/h2><span style=\"margin: 6px 0px;\" class=\"separator transparent\"><\/span>In order to accommodate you, we offer the delivery of all our products! We avoid you the commute so that you have more time for your other tasks.<\/div><a  itemprop=\"url\" href=\"\/en\/contact-us\/\" target=\"_self\" data-hover-background-color=#ff9933 data-hover-border-color=#ff9933  class=\"qbutton  large center default\" style=\"color: #ffffff; border-color: #336633; font-weight: 500; text-transform: uppercase; font-size: 12px; margin: 30px 0 0 0; border-radius: 5px;-moz-border-radius: 5px;-webkit-border-radius: 5px; background-color: #336633;\">Contact Us<\/a>[\/vc_column_inner][vc_column_inner el_class=&#8221;col col2&#8243; width=&#8221;1\/2&#8243;]<div class=\"image_with_text\"><img decoding=\"async\" itemprop=\"image\" src=\"https:\/\/maconneriedepot.com\/wp-content\/uploads\/2018\/06\/iconService6.png\" alt=\"Expert Council\" \/><h2 style=\"color:#ff9933;\">Expert Council<\/h2><span style=\"margin: 6px 0px;\" class=\"separator transparent\"><\/span>Do you have any work that you are unsure what to do? Our experts will be happy to help you!<\/div><a  itemprop=\"url\" href=\"\/en\/contact-us\/\" target=\"_self\" data-hover-background-color=#336633 data-hover-border-color=#336633  class=\"qbutton  large center default\" style=\"color: #ffffff; border-color: #ff9933; font-weight: 500; text-transform: uppercase; font-size: 12px; margin: 30px 0 0 0; border-radius: 5px;-moz-border-radius: 5px;-webkit-border-radius: 5px; background-color: #ff9933;\">Contact Us<\/a>[\/vc_column_inner][\/vc_row_inner][\/vc_column][\/vc_row][vc_row css_animation=&#8221;&#8221; row_type=&#8221;row&#8221; use_row_as_full_screen_section=&#8221;no&#8221; type=&#8221;full_width&#8221; angled_section=&#8221;no&#8221; text_align=&#8221;left&#8221; background_image_as_pattern=&#8221;without_pattern&#8221; background_color=&#8221;#336633&#8243; border_color=&#8221;#336633&#8243; el_class=&#8221;rowSoumission&#8221; z_index=&#8221;&#8221;][vc_column][vc_row_inner row_type=&#8221;row&#8221; type=&#8221;grid&#8221; text_align=&#8221;left&#8221; css_animation=&#8221;&#8221; el_id=&#8221;rowSoumissionText&#8221; el_class=&#8221;notreAdresse&#8221;][vc_column_inner el_class=&#8221;col1&#8243; width=&#8221;2\/3&#8243;][vc_column_text]Ready to start your project? Come visit us![\/vc_column_text][\/vc_column_inner][vc_column_inner el_class=&#8221;col2&#8243; width=&#8221;1\/3&#8243;][vc_raw_html]JTVCcHMyaWQlMjB1cmwlM0QlMjclMjNzY3JvbGxUb01hcCUyNyUyMG9mZnNldCUzRCUyNzEwMCUyNyU1RE91ciUyMEFkZHJlc3MlNUIlMkZwczJpZCU1RA==[\/vc_raw_html][\/vc_column_inner][\/vc_row_inner][\/vc_column][\/vc_row][vc_row css_animation=&#8221;&#8221; row_type=&#8221;row&#8221; use_row_as_full_screen_section=&#8221;no&#8221; type=&#8221;full_width&#8221; angled_section=&#8221;no&#8221; text_align=&#8221;left&#8221; background_image_as_pattern=&#8221;without_pattern&#8221;][vc_column]<div class=\"templatera_shortcode\"><div id=\"scrollToMap\"     class=\"vc_row wpb_row section vc_row-fluid  rowEmplacement\" style='background-color:#ff9933; text-align:left;'><div class=\" full_section_inner clearfix\"><div class=\"wpb_column vc_column_container vc_col-sm-12\"><div class=\"vc_column-inner\"><div class=\"wpb_wrapper\"><div      class=\"vc_row wpb_row section vc_row-fluid vc_inner \" style=' text-align:left;'><div class=\" full_section_inner clearfix\"><div class=\"wpb_column vc_column_container vc_col-sm-5\" id=\"rowMapText\"><div class=\"vc_column-inner\"><div class=\"wpb_wrapper\">\n\t<div class=\"wpb_text_column wpb_content_element  rowMapTextBlock\">\n\t\t<div class=\"wpb_wrapper\">\n\t\t\t<h2>Our Location<\/h2>\n<p>You can find us at 444 rue Saint-Louis, Gatineau, Quebec, J8P 8B3.<\/p>\n\n\t\t<\/div> \n\t<\/div> <div class='q_icon_with_title tiny custom_icon_image '><div class=\"icon_holder \" style=\" \"><img decoding=\"async\" itemprop=\"image\" style=\"\" src=\"https:\/\/maconneriedepot.com\/wp-content\/uploads\/2018\/04\/iconMail.png\" alt=\"\"><\/div><div class=\"icon_text_holder\" style=\"\"><div class=\"icon_text_inner\" style=\"\"><h5 class=\"icon_title\" style=\"\"><\/h5><p style=''><\/p><a itemprop='url' class='icon_with_title_link' href='mailto:info@maconneriedepot.com' target='_blank' style=''>info@maconneriedepot.com<\/a><\/div><\/div><\/div><div class='q_icon_with_title tiny custom_icon_image '><div class=\"icon_holder \" style=\" \"><img decoding=\"async\" itemprop=\"image\" style=\"\" src=\"https:\/\/maconneriedepot.com\/wp-content\/uploads\/2018\/04\/iconPhone.png\" alt=\"\"><\/div><div class=\"icon_text_holder\" style=\"\"><div class=\"icon_text_inner\" style=\"\"><h5 class=\"icon_title\" style=\"\"><\/h5><p style=''><\/p><a itemprop='url' class='icon_with_title_link' href='tel:8196630211' target='_blank' style=''>819-663-0211<\/a><\/div><\/div><\/div><a  itemprop=\"url\" href=\"\/en\/contact-us\/\" target=\"_self\" data-hover-background-color=#ffffff data-hover-border-color=#ff9933  class=\"qbutton  center default\" style=\"color: #ff9933; border-color: #ff9933; font-weight: 400; font-family: Helvetica; text-transform: uppercase; font-size: 14px; border-radius: 6px;-moz-border-radius: 6px;-webkit-border-radius: 6px; background-color: #ffffff;\">Contact Us<\/a><\/div><\/div><\/div><div class=\"wpb_column vc_column_container vc_col-sm-7\"><div class=\"vc_column-inner\"><div class=\"wpb_wrapper\"><div class='google_map_shortcode_holder' style='height:550px;'><div class='qode_google_map' style='height:550px;' id='map_canvas_75023' data-addresses='[\"444 rue Saint-Louis, Gatineau, Qu\u00e9bec, J8P 8B3\"]' data-custom-map-style='false' data-color-overlay='#393939' data-saturation='-100' data-lightness='-60' data-zoom='9' data-pin='https:\/\/maconneriedepot.com\/wp-content\/uploads\/2018\/04\/mapPin1.png' data-unique-id='75023' data-google-maps-scroll-wheel='false' data-snazzy-map-style='yes' data-map-height='550'><\/div><input type=\"hidden\" class=\"qode-snazzy-map\" value=\"`{`\r\n{\r\n``featureType``: ``all``,\r\n``elementType``: ``labels.text.fill``,\r\n``stylers``: `{`\r\n{\r\n``saturation``: 36\r\n},\r\n{\r\n``color``: ``#333333``\r\n},\r\n{\r\n``lightness``: 40\r\n}\r\n`}`\r\n},\r\n{\r\n``featureType``: ``all``,\r\n``elementType``: ``labels.text.stroke``,\r\n``stylers``: `{`\r\n{\r\n``visibility``: ``on``\r\n},\r\n{\r\n``color``: ``#ffffff``\r\n},\r\n{\r\n``lightness``: 16\r\n}\r\n`}`\r\n},\r\n{\r\n``featureType``: ``all``,\r\n``elementType``: ``labels.icon``,\r\n``stylers``: `{`\r\n{\r\n``visibility``: ``off``\r\n}\r\n`}`\r\n},\r\n{\r\n``featureType``: ``administrative``,\r\n``elementType``: ``geometry.fill``,\r\n``stylers``: `{`\r\n{\r\n``color``: ``#fefefe``\r\n},\r\n{\r\n``lightness``: 20\r\n}\r\n`}`\r\n},\r\n{\r\n``featureType``: ``administrative``,\r\n``elementType``: ``geometry.stroke``,\r\n``stylers``: `{`\r\n{\r\n``color``: ``#fefefe``\r\n},\r\n{\r\n``lightness``: 17\r\n},\r\n{\r\n``weight``: 1.2\r\n}\r\n`}`\r\n},\r\n{\r\n``featureType``: ``landscape``,\r\n``elementType``: ``geometry``,\r\n``stylers``: `{`\r\n{\r\n``color``: ``#f5f5f5``\r\n},\r\n{\r\n``lightness``: 20\r\n}\r\n`}`\r\n},\r\n{\r\n``featureType``: ``poi``,\r\n``elementType``: ``geometry``,\r\n``stylers``: `{`\r\n{\r\n``color``: ``#f5f5f5``\r\n},\r\n{\r\n``lightness``: 21\r\n}\r\n`}`\r\n},\r\n{\r\n``featureType``: ``poi.park``,\r\n``elementType``: ``geometry``,\r\n``stylers``: `{`\r\n{\r\n``color``: ``#dedede``\r\n},\r\n{\r\n``lightness``: 21\r\n}\r\n`}`\r\n},\r\n{\r\n``featureType``: ``road.highway``,\r\n``elementType``: ``geometry.fill``,\r\n``stylers``: `{`\r\n{\r\n``color``: ``#ffffff``\r\n},\r\n{\r\n``lightness``: 17\r\n}\r\n`}`\r\n},\r\n{\r\n``featureType``: ``road.highway``,\r\n``elementType``: ``geometry.stroke``,\r\n``stylers``: `{`\r\n{\r\n``color``: ``#ffffff``\r\n},\r\n{\r\n``lightness``: 29\r\n},\r\n{\r\n``weight``: 0.2\r\n}\r\n`}`\r\n},\r\n{\r\n``featureType``: ``road.arterial``,\r\n``elementType``: ``geometry``,\r\n``stylers``: `{`\r\n{\r\n``color``: ``#ffffff``\r\n},\r\n{\r\n``lightness``: 18\r\n}\r\n`}`\r\n},\r\n{\r\n``featureType``: ``road.local``,\r\n``elementType``: ``geometry``,\r\n``stylers``: `{`\r\n{\r\n``color``: ``#ffffff``\r\n},\r\n{\r\n``lightness``: 16\r\n}\r\n`}`\r\n},\r\n{\r\n``featureType``: ``transit``,\r\n``elementType``: ``geometry``,\r\n``stylers``: `{`\r\n{\r\n``color``: ``#f2f2f2``\r\n},\r\n{\r\n``lightness``: 19\r\n}\r\n`}`\r\n},\r\n{\r\n``featureType``: ``water``,\r\n``elementType``: ``geometry``,\r\n``stylers``: `{`\r\n{\r\n``color``: ``#e9e9e9``\r\n},\r\n{\r\n``lightness``: 17\r\n}\r\n`}`\r\n}\r\n`}` \" \/><div class='google_map_shortcode_overlay'><\/div><\/div>\n\t<div class=\"wpb_raw_code wpb_raw_js\" >\n\t\t<div class=\"wpb_wrapper\">\n\t\t\t<script type=\"text\/javascript\">\n  jQuery(document).ready(function() {\n    if(jQuery(window).width()>1199){\n      var rowMapLeft = jQuery(\".header_bottom > .container > .container_inner\");\n      jQuery(\"#rowMapText\").css(\"padding-left\", rowMapLeft.offset().left);\n    }else{\n      jQuery(\"#rowMapText\").removeAttr(\"style\");\n    }\n  });\n  jQuery(window).on('resize', function(){\n    if(jQuery(window).width()>1199){\n      var rowMapLeft = jQuery(\".header_bottom > .container > .container_inner\");\n      jQuery(\"#rowMapText\").css(\"padding-left\", rowMapLeft.offset().left);\n    }else{\n      jQuery(\"#rowMapText\").removeAttr(\"style\");\n    }\n  });\n<\/script>\n\t\t<\/div>\n\t<\/div>\n<\/div><\/div><\/div><\/div><\/div><\/div><\/div><\/div><\/div><\/div><\/div>[\/vc_column][\/vc_row]<\/p>\n<\/div>","protected":false},"excerpt":{"rendered":"Deliveries What we can offer you! At Ma\u00e7onnerie D\u00e9p\u00f4t, we take pride in the quality of the services we offer. Whether it is landscaping, roofing, siding or masonry, we are ready. For us, service is above all! 1 cube truck 7 trailer trucks Throughout the...","protected":false},"author":3,"featured_media":0,"parent":0,"menu_order":3,"comment_status":"closed","ping_status":"closed","template":"full_width.php","meta":{"_acf_changed":false,"inline_featured_image":false,"footnotes":""},"class_list":["post-276","page","type-page","status-publish","hentry"],"acf":[],"_links":{"self":[{"href":"https:\/\/maconneriedepot.com\/en\/wp-json\/wp\/v2\/pages\/276","targetHints":{"allow":["GET"]}}],"collection":[{"href":"https:\/\/maconneriedepot.com\/en\/wp-json\/wp\/v2\/pages"}],"about":[{"href":"https:\/\/maconneriedepot.com\/en\/wp-json\/wp\/v2\/types\/page"}],"author":[{"embeddable":true,"href":"https:\/\/maconneriedepot.com\/en\/wp-json\/wp\/v2\/users\/3"}],"replies":[{"embeddable":true,"href":"https:\/\/maconneriedepot.com\/en\/wp-json\/wp\/v2\/comments?post=276"}],"version-history":[{"count":17,"href":"https:\/\/maconneriedepot.com\/en\/wp-json\/wp\/v2\/pages\/276\/revisions"}],"predecessor-version":[{"id":4771,"href":"https:\/\/maconneriedepot.com\/en\/wp-json\/wp\/v2\/pages\/276\/revisions\/4771"}],"wp:attachment":[{"href":"https:\/\/maconneriedepot.com\/en\/wp-json\/wp\/v2\/media?parent=276"}],"curies":[{"name":"wp","href":"https:\/\/api.w.org\/{rel}","templated":true}]}}