{"id":278,"date":"2018-04-26T08:28:06","date_gmt":"2018-04-26T12:28:06","guid":{"rendered":"https:\/\/maconneriedepot.com\/?page_id=278"},"modified":"2018-06-14T16:07:10","modified_gmt":"2018-06-14T20:07:10","slug":"roofing","status":"publish","type":"page","link":"https:\/\/maconneriedepot.com\/en\/deliveries\/roofing\/","title":{"rendered":"Roofing"},"content":{"rendered":"<div class=\"wpb-content-wrapper\"><p>[vc_row css_animation=&#8221;&#8221; row_type=&#8221;row&#8221; use_row_as_full_screen_section=&#8221;no&#8221; type=&#8221;full_width&#8221; angled_section=&#8221;no&#8221; text_align=&#8221;left&#8221; background_image_as_pattern=&#8221;without_pattern&#8221; el_class=&#8221;innerBanner&#8221; z_index=&#8221;&#8221;][vc_column][vc_single_image image=&#8221;359&#8243; img_size=&#8221;full&#8221; qode_css_animation=&#8221;&#8221;][\/vc_column][\/vc_row][vc_row css_animation=&#8221;&#8221; row_type=&#8221;row&#8221; use_row_as_full_screen_section=&#8221;no&#8221; type=&#8221;grid&#8221; angled_section=&#8221;no&#8221; text_align=&#8221;left&#8221; background_image_as_pattern=&#8221;without_pattern&#8221; z_index=&#8221;&#8221; css=&#8221;.vc_custom_1524572921780{padding-top: 100px !important;padding-bottom: 100px !important;background-color: #ffffff !important;}&#8221; el_class=&#8221;produitsContent servicesContent&#8221;][vc_column][vc_column_text]<\/p>\n<h2>Roofing<\/h2>\n<p>Are you looking for a skilled workforce and superior products for your roof?<\/p>\n<p>Add value and visual appeal to your property with our Team !!!<\/p>\n<p>[\/vc_column_text][\/vc_column][\/vc_row][vc_row css_animation=&#8221;&#8221; row_type=&#8221;row&#8221; use_row_as_full_screen_section=&#8221;no&#8221; type=&#8221;full_width&#8221; angled_section=&#8221;no&#8221; text_align=&#8221;left&#8221; background_image_as_pattern=&#8221;without_pattern&#8221; css=&#8221;.vc_custom_1524574298415{padding-top: 90px !important;padding-bottom: 70px !important;background-color: #f2f2f2 !important;}&#8221; z_index=&#8221;&#8221; el_class=&#8221;servicesContent textGreen&#8221;][vc_column][vc_row_inner row_type=&#8221;row&#8221; type=&#8221;grid&#8221; text_align=&#8221;center&#8221; css_animation=&#8221;&#8221; css=&#8221;.vc_custom_1524574002291{background-color: #f2f2f2 !important;}&#8221;][vc_column_inner][vc_column_text]<\/p>\n<h3>Our products to help you<\/h3>\n<p>[\/vc_column_text][\/vc_column_inner][\/vc_row_inner][\/vc_column][\/vc_row][vc_row css_animation=&#8221;&#8221; row_type=&#8221;row&#8221; use_row_as_full_screen_section=&#8221;no&#8221; type=&#8221;grid&#8221; angled_section=&#8221;no&#8221; text_align=&#8221;left&#8221; background_image_as_pattern=&#8221;without_pattern&#8221; el_class=&#8221;row4Blocks services4Blocks&#8221; z_index=&#8221;&#8221; css=&#8221;.vc_custom_1529006815002{padding-bottom: 80px !important;background-color: #f2f2f2 !important;}&#8221;][vc_column width=&#8221;1\/4&#8243; offset=&#8221;vc_col-xs-offset-3&#8243;]<div class=\"image_with_text\"><img decoding=\"async\" itemprop=\"image\" src=\"https:\/\/maconneriedepot.com\/wp-content\/uploads\/2018\/04\/servicesBox15.jpg\" alt=\"Asphalt roofing\" \/><h3 style=\"color:#000000;\">Asphalt roofing<\/h3><span style=\"margin: 6px 0px;\" class=\"separator transparent\"><\/span><\/div><a  itemprop=\"url\" href=\"\/en\/products\/asphalt-roofing\/\" target=\"_self\"  class=\"qbutton  default\" style=\"\">Learn More<\/a>[\/vc_column][vc_column width=&#8221;1\/4&#8243;]<div class=\"image_with_text\"><img decoding=\"async\" itemprop=\"image\" src=\"https:\/\/maconneriedepot.com\/wp-content\/uploads\/2018\/04\/servicesBox8.jpg\" alt=\"Metal roofing\" \/><h3 style=\"color:#000000;\">Metal roofing<\/h3><span style=\"margin: 6px 0px;\" class=\"separator transparent\"><\/span><\/div><a  itemprop=\"url\" href=\"\/en\/products\/metal-roofing\/\" target=\"_self\"  class=\"qbutton  default\" style=\"\">Learn More<\/a>[\/vc_column][\/vc_row][vc_row css_animation=&#8221;&#8221; row_type=&#8221;row&#8221; use_row_as_full_screen_section=&#8221;no&#8221; type=&#8221;grid&#8221; angled_section=&#8221;no&#8221; text_align=&#8221;left&#8221; background_image_as_pattern=&#8221;without_pattern&#8221; background_color=&#8221;#f2f2f2&#8243; border_color=&#8221;#f2f2f2&#8243; row_negative_margin=&#8221;disable_negative_margin&#8221; el_class=&#8221;rowNosServices servicePhone&#8221; z_index=&#8221;&#8221; css=&#8221;.vc_custom_1524573514234{padding-top: 0px !important;padding-bottom: 75px !important;background-color: #f2f2f2 !important;}&#8221;][vc_column][vc_row_inner row_type=&#8221;row&#8221; type=&#8221;grid&#8221; text_align=&#8221;left&#8221; background_color=&#8221;#ff9933&#8243; border_color=&#8221;#ff9933&#8243; css_animation=&#8221;&#8221;][vc_column_inner el_class=&#8221;col1&#8243; width=&#8221;1\/2&#8243;][vc_column_text]You don\u2019t know where to start?[\/vc_column_text][\/vc_column_inner][vc_column_inner el_class=&#8221;col2&#8243; width=&#8221;1\/2&#8243;]<a  itemprop=\"url\" href=\"\/en\/contact-us\/\" target=\"_self\" data-hover-background-color=#ffffff data-hover-border-color=#ffffff data-hover-color=#ff9933 class=\"qbutton  left default\" style=\"color: #ff9933; border-color: #ffffff; font-style: normal; font-weight: 300; font-family: Helvetica; text-transform: uppercase; font-size: 20px; margin: 30px 20px; border-radius: 8px;-moz-border-radius: 8px;-webkit-border-radius: 8px; background-color: #ffffff;\">Contact us now<\/a>[\/vc_column_inner][\/vc_row_inner][\/vc_column][\/vc_row][vc_row css_animation=&#8221;&#8221; row_type=&#8221;row&#8221; use_row_as_full_screen_section=&#8221;no&#8221; type=&#8221;full_width&#8221; angled_section=&#8221;no&#8221; text_align=&#8221;left&#8221; background_image_as_pattern=&#8221;without_pattern&#8221; css=&#8221;.vc_custom_1524509949609{background-image: url(https:\/\/maconneriedepot.com\/wp-content\/uploads\/2018\/04\/testimonials_banner_3.jpg?id=239) !important;background-position: center !important;background-repeat: no-repeat !important;background-size: cover !important;}&#8221; z_index=&#8221;&#8221; el_class=&#8221;rowTestimonials&#8221;][vc_column]<div class='testimonials_c_holder clearfix '><div class=\"testimonials_c testimonials_c_carousel\" data-show-navigation=\"no\" data-animation-speed=\"\" data-auto-rotate-slides=\"15\" data-number-per-slide=\"1\"><ul class=\"slides\"><li id=\"testimonials-c-323\" class=\"testimonial_content\"><div class=\"testimonial_content_inner\"><div class=\"testimonial_image_holder\"><img decoding=\"async\" src=\"https:\/\/maconneriedepot.com\/wp-content\/uploads\/2018\/04\/iconQuotes.png\" \/><\/div><div class=\"testimonial_text_holder\"><div class=\"testimonial_text_inner\" style=\"\"><p style='font-size:16px;'>Ma\u00e7onnerie D\u00e9p\u00f4t does not design landscaping, \"but we can recommend our customers to excellent landscapers who are suited to their needs and who will do the work at a good price.\"<\/p><p class=\"testimonial_author\" style=\"font-weight: 700;font-size: 16px;\">Claude Hamel - Copropri\u00e9taire<\/p><\/div><\/div><\/div><\/li><\/ul><\/div><\/div>[\/vc_column][\/vc_row][vc_row css_animation=&#8221;&#8221; row_type=&#8221;row&#8221; use_row_as_full_screen_section=&#8221;no&#8221; type=&#8221;full_width&#8221; angled_section=&#8221;no&#8221; text_align=&#8221;left&#8221; background_image_as_pattern=&#8221;without_pattern&#8221;][vc_column]<div class=\"templatera_shortcode\"><style type=\"text\/css\" data-type=\"vc_shortcodes-custom-css\">.vc_custom_1524148176663{padding-top: 75px !important;padding-bottom: 75px !important;background-color: #ffffff !important;}<\/style><div      class=\"vc_row wpb_row section vc_row-fluid  vc_custom_1524148176663\" style=' text-align:left;'><div class=\" full_section_inner clearfix\"><div class=\"wpb_column vc_column_container vc_col-sm-12\"><div class=\"vc_column-inner\"><div class=\"wpb_wrapper\"><div      class=\"vc_row wpb_row section vc_row-fluid vc_inner  grid_section\" style=' text-align:left;'><div class=\" section_inner clearfix\"><div class='section_inner_margin clearfix'><div class=\"row3Blocks blockGreen wpb_column vc_column_container vc_col-sm-4\"><div class=\"vc_column-inner\"><div class=\"wpb_wrapper\">\n\t<div class=\"wpb_single_image wpb_content_element vc_align_left\">\n\t\t<div class=\"wpb_wrapper\">\n\t\t\t\n\t\t\t<div class=\"vc_single_image-wrapper   vc_box_border_grey\"><img loading=\"lazy\" decoding=\"async\" width=\"500\" height=\"450\" src=\"https:\/\/maconneriedepot.com\/wp-content\/uploads\/2018\/04\/row3Blocks4.jpg\" class=\"vc_single_image-img attachment-full\" alt=\"\" title=\"row3Blocks4\" srcset=\"https:\/\/maconneriedepot.com\/wp-content\/uploads\/2018\/04\/row3Blocks4.jpg 500w, https:\/\/maconneriedepot.com\/wp-content\/uploads\/2018\/04\/row3Blocks4-300x270.jpg 300w\" sizes=\"auto, (max-width: 500px) 100vw, 500px\" \/><\/div>\n\t\t<\/div>\n\t<\/div>\n\n\t<div class=\"wpb_text_column wpb_content_element \">\n\t\t<div class=\"wpb_wrapper\">\n\t\t\t<h2>Discover <strong>our products<\/strong><\/h2>\n<p><a href=\"\/en\/products\/\">Products<\/a><\/p>\n\n\t\t<\/div> \n\t<\/div> <\/div><\/div><\/div><div class=\"row3Blocks blockGreen wpb_column vc_column_container vc_col-sm-4\"><div class=\"vc_column-inner\"><div class=\"wpb_wrapper\">\n\t<div class=\"wpb_single_image wpb_content_element vc_align_left\">\n\t\t<div class=\"wpb_wrapper\">\n\t\t\t\n\t\t\t<div class=\"vc_single_image-wrapper   vc_box_border_grey\"><img loading=\"lazy\" decoding=\"async\" width=\"500\" height=\"450\" src=\"https:\/\/maconneriedepot.com\/wp-content\/uploads\/2018\/04\/row3Blocks5.jpg\" class=\"vc_single_image-img attachment-full\" alt=\"\" title=\"row3Blocks5\" srcset=\"https:\/\/maconneriedepot.com\/wp-content\/uploads\/2018\/04\/row3Blocks5.jpg 500w, https:\/\/maconneriedepot.com\/wp-content\/uploads\/2018\/04\/row3Blocks5-300x270.jpg 300w\" sizes=\"auto, (max-width: 500px) 100vw, 500px\" \/><\/div>\n\t\t<\/div>\n\t<\/div>\n\n\t<div class=\"wpb_text_column wpb_content_element \">\n\t\t<div class=\"wpb_wrapper\">\n\t\t\t<h2>Discover <strong>Our portfolio<\/strong><\/h2>\n<p><a href=\"\/en\/portfolio\/\">Portfolio<\/a><\/p>\n\n\t\t<\/div> \n\t<\/div> <\/div><\/div><\/div><div class=\"row3Blocks blockOrange wpb_column vc_column_container vc_col-sm-4\"><div class=\"vc_column-inner\"><div class=\"wpb_wrapper\">\n\t<div class=\"wpb_single_image wpb_content_element vc_align_left\">\n\t\t<div class=\"wpb_wrapper\">\n\t\t\t\n\t\t\t<div class=\"vc_single_image-wrapper   vc_box_border_grey\"><img loading=\"lazy\" decoding=\"async\" width=\"500\" height=\"450\" src=\"https:\/\/maconneriedepot.com\/wp-content\/uploads\/2018\/04\/row3Blocks3.jpg\" class=\"vc_single_image-img attachment-full\" alt=\"\" title=\"row3Blocks3\" srcset=\"https:\/\/maconneriedepot.com\/wp-content\/uploads\/2018\/04\/row3Blocks3.jpg 500w, https:\/\/maconneriedepot.com\/wp-content\/uploads\/2018\/04\/row3Blocks3-300x270.jpg 300w\" sizes=\"auto, (max-width: 500px) 100vw, 500px\" \/><\/div>\n\t\t<\/div>\n\t<\/div>\n\n\t<div class=\"wpb_text_column wpb_content_element \">\n\t\t<div class=\"wpb_wrapper\">\n\t\t\t<h2>Discover <strong>Our job offers<\/strong><\/h2>\n<p><a href=\"\/en\/carriere\/\">Career<\/a><\/p>\n\n\t\t<\/div> \n\t<\/div> <\/div><\/div><\/div><\/div><\/div><\/div><\/div><\/div><\/div><\/div><\/div><\/div>[\/vc_column][\/vc_row][vc_row css_animation=&#8221;&#8221; row_type=&#8221;row&#8221; use_row_as_full_screen_section=&#8221;no&#8221; type=&#8221;full_width&#8221; angled_section=&#8221;no&#8221; text_align=&#8221;left&#8221; background_image_as_pattern=&#8221;without_pattern&#8221;][vc_column]<div class=\"templatera_shortcode\"><div id=\"scrollToMap\"     class=\"vc_row wpb_row section vc_row-fluid  rowEmplacement\" style='background-color:#ff9933; text-align:left;'><div class=\" full_section_inner clearfix\"><div class=\"wpb_column vc_column_container vc_col-sm-12\"><div class=\"vc_column-inner\"><div class=\"wpb_wrapper\"><div      class=\"vc_row wpb_row section vc_row-fluid vc_inner \" style=' text-align:left;'><div class=\" full_section_inner clearfix\"><div class=\"wpb_column vc_column_container vc_col-sm-5\" id=\"rowMapText\"><div class=\"vc_column-inner\"><div class=\"wpb_wrapper\">\n\t<div class=\"wpb_text_column wpb_content_element  rowMapTextBlock\">\n\t\t<div class=\"wpb_wrapper\">\n\t\t\t<h2>Our Location<\/h2>\n<p>You can find us at 444 rue Saint-Louis, Gatineau, Quebec, J8P 8B3.<\/p>\n\n\t\t<\/div> \n\t<\/div> <div class='q_icon_with_title tiny custom_icon_image '><div class=\"icon_holder \" style=\" \"><img decoding=\"async\" itemprop=\"image\" style=\"\" src=\"https:\/\/maconneriedepot.com\/wp-content\/uploads\/2018\/04\/iconMail.png\" alt=\"\"><\/div><div class=\"icon_text_holder\" style=\"\"><div class=\"icon_text_inner\" style=\"\"><h5 class=\"icon_title\" style=\"\"><\/h5><p style=''><\/p><a itemprop='url' class='icon_with_title_link' href='mailto:info@maconneriedepot.com' target='_blank' style=''>info@maconneriedepot.com<\/a><\/div><\/div><\/div><div class='q_icon_with_title tiny custom_icon_image '><div class=\"icon_holder \" style=\" \"><img decoding=\"async\" itemprop=\"image\" style=\"\" src=\"https:\/\/maconneriedepot.com\/wp-content\/uploads\/2018\/04\/iconPhone.png\" alt=\"\"><\/div><div class=\"icon_text_holder\" style=\"\"><div class=\"icon_text_inner\" style=\"\"><h5 class=\"icon_title\" style=\"\"><\/h5><p style=''><\/p><a itemprop='url' class='icon_with_title_link' href='tel:8196630211' target='_blank' style=''>819-663-0211<\/a><\/div><\/div><\/div><a  itemprop=\"url\" href=\"\/en\/contact-us\/\" target=\"_self\" data-hover-background-color=#ffffff data-hover-border-color=#ff9933  class=\"qbutton  center default\" style=\"color: #ff9933; border-color: #ff9933; font-weight: 400; font-family: Helvetica; text-transform: uppercase; font-size: 14px; border-radius: 6px;-moz-border-radius: 6px;-webkit-border-radius: 6px; background-color: #ffffff;\">Contact Us<\/a><\/div><\/div><\/div><div class=\"wpb_column vc_column_container vc_col-sm-7\"><div class=\"vc_column-inner\"><div class=\"wpb_wrapper\"><div class='google_map_shortcode_holder' style='height:550px;'><div class='qode_google_map' style='height:550px;' id='map_canvas_20582' data-addresses='[\"444 rue Saint-Louis, Gatineau, Qu\u00e9bec, J8P 8B3\"]' data-custom-map-style='false' data-color-overlay='#393939' data-saturation='-100' data-lightness='-60' data-zoom='9' data-pin='https:\/\/maconneriedepot.com\/wp-content\/uploads\/2018\/04\/mapPin1.png' data-unique-id='20582' data-google-maps-scroll-wheel='false' data-snazzy-map-style='yes' data-map-height='550'><\/div><input type=\"hidden\" class=\"qode-snazzy-map\" value=\"`{`\r\n{\r\n``featureType``: ``all``,\r\n``elementType``: ``labels.text.fill``,\r\n``stylers``: `{`\r\n{\r\n``saturation``: 36\r\n},\r\n{\r\n``color``: ``#333333``\r\n},\r\n{\r\n``lightness``: 40\r\n}\r\n`}`\r\n},\r\n{\r\n``featureType``: ``all``,\r\n``elementType``: ``labels.text.stroke``,\r\n``stylers``: `{`\r\n{\r\n``visibility``: ``on``\r\n},\r\n{\r\n``color``: ``#ffffff``\r\n},\r\n{\r\n``lightness``: 16\r\n}\r\n`}`\r\n},\r\n{\r\n``featureType``: ``all``,\r\n``elementType``: ``labels.icon``,\r\n``stylers``: `{`\r\n{\r\n``visibility``: ``off``\r\n}\r\n`}`\r\n},\r\n{\r\n``featureType``: ``administrative``,\r\n``elementType``: ``geometry.fill``,\r\n``stylers``: `{`\r\n{\r\n``color``: ``#fefefe``\r\n},\r\n{\r\n``lightness``: 20\r\n}\r\n`}`\r\n},\r\n{\r\n``featureType``: ``administrative``,\r\n``elementType``: ``geometry.stroke``,\r\n``stylers``: `{`\r\n{\r\n``color``: ``#fefefe``\r\n},\r\n{\r\n``lightness``: 17\r\n},\r\n{\r\n``weight``: 1.2\r\n}\r\n`}`\r\n},\r\n{\r\n``featureType``: ``landscape``,\r\n``elementType``: ``geometry``,\r\n``stylers``: `{`\r\n{\r\n``color``: ``#f5f5f5``\r\n},\r\n{\r\n``lightness``: 20\r\n}\r\n`}`\r\n},\r\n{\r\n``featureType``: ``poi``,\r\n``elementType``: ``geometry``,\r\n``stylers``: `{`\r\n{\r\n``color``: ``#f5f5f5``\r\n},\r\n{\r\n``lightness``: 21\r\n}\r\n`}`\r\n},\r\n{\r\n``featureType``: ``poi.park``,\r\n``elementType``: ``geometry``,\r\n``stylers``: `{`\r\n{\r\n``color``: ``#dedede``\r\n},\r\n{\r\n``lightness``: 21\r\n}\r\n`}`\r\n},\r\n{\r\n``featureType``: ``road.highway``,\r\n``elementType``: ``geometry.fill``,\r\n``stylers``: `{`\r\n{\r\n``color``: ``#ffffff``\r\n},\r\n{\r\n``lightness``: 17\r\n}\r\n`}`\r\n},\r\n{\r\n``featureType``: ``road.highway``,\r\n``elementType``: ``geometry.stroke``,\r\n``stylers``: `{`\r\n{\r\n``color``: ``#ffffff``\r\n},\r\n{\r\n``lightness``: 29\r\n},\r\n{\r\n``weight``: 0.2\r\n}\r\n`}`\r\n},\r\n{\r\n``featureType``: ``road.arterial``,\r\n``elementType``: ``geometry``,\r\n``stylers``: `{`\r\n{\r\n``color``: ``#ffffff``\r\n},\r\n{\r\n``lightness``: 18\r\n}\r\n`}`\r\n},\r\n{\r\n``featureType``: ``road.local``,\r\n``elementType``: ``geometry``,\r\n``stylers``: `{`\r\n{\r\n``color``: ``#ffffff``\r\n},\r\n{\r\n``lightness``: 16\r\n}\r\n`}`\r\n},\r\n{\r\n``featureType``: ``transit``,\r\n``elementType``: ``geometry``,\r\n``stylers``: `{`\r\n{\r\n``color``: ``#f2f2f2``\r\n},\r\n{\r\n``lightness``: 19\r\n}\r\n`}`\r\n},\r\n{\r\n``featureType``: ``water``,\r\n``elementType``: ``geometry``,\r\n``stylers``: `{`\r\n{\r\n``color``: ``#e9e9e9``\r\n},\r\n{\r\n``lightness``: 17\r\n}\r\n`}`\r\n}\r\n`}` \" \/><div class='google_map_shortcode_overlay'><\/div><\/div>\n\t<div class=\"wpb_raw_code wpb_raw_js\" >\n\t\t<div class=\"wpb_wrapper\">\n\t\t\t<script type=\"text\/javascript\">\n  jQuery(document).ready(function() {\n    if(jQuery(window).width()>1199){\n      var rowMapLeft = jQuery(\".header_bottom > .container > .container_inner\");\n      jQuery(\"#rowMapText\").css(\"padding-left\", rowMapLeft.offset().left);\n    }else{\n      jQuery(\"#rowMapText\").removeAttr(\"style\");\n    }\n  });\n  jQuery(window).on('resize', function(){\n    if(jQuery(window).width()>1199){\n      var rowMapLeft = jQuery(\".header_bottom > .container > .container_inner\");\n      jQuery(\"#rowMapText\").css(\"padding-left\", rowMapLeft.offset().left);\n    }else{\n      jQuery(\"#rowMapText\").removeAttr(\"style\");\n    }\n  });\n<\/script>\n\t\t<\/div>\n\t<\/div>\n<\/div><\/div><\/div><\/div><\/div><\/div><\/div><\/div><\/div><\/div><\/div>[\/vc_column][\/vc_row]<\/p>\n<\/div>","protected":false},"excerpt":{"rendered":"","protected":false},"author":3,"featured_media":0,"parent":276,"menu_order":1,"comment_status":"closed","ping_status":"closed","template":"full_width.php","meta":{"_acf_changed":false,"inline_featured_image":false,"footnotes":""},"class_list":["post-278","page","type-page","status-publish","hentry"],"acf":[],"_links":{"self":[{"href":"https:\/\/maconneriedepot.com\/en\/wp-json\/wp\/v2\/pages\/278","targetHints":{"allow":["GET"]}}],"collection":[{"href":"https:\/\/maconneriedepot.com\/en\/wp-json\/wp\/v2\/pages"}],"about":[{"href":"https:\/\/maconneriedepot.com\/en\/wp-json\/wp\/v2\/types\/page"}],"author":[{"embeddable":true,"href":"https:\/\/maconneriedepot.com\/en\/wp-json\/wp\/v2\/users\/3"}],"replies":[{"embeddable":true,"href":"https:\/\/maconneriedepot.com\/en\/wp-json\/wp\/v2\/comments?post=278"}],"version-history":[{"count":0,"href":"https:\/\/maconneriedepot.com\/en\/wp-json\/wp\/v2\/pages\/278\/revisions"}],"up":[{"embeddable":true,"href":"https:\/\/maconneriedepot.com\/en\/wp-json\/wp\/v2\/pages\/276"}],"wp:attachment":[{"href":"https:\/\/maconneriedepot.com\/en\/wp-json\/wp\/v2\/media?parent=278"}],"curies":[{"name":"wp","href":"https:\/\/api.w.org\/{rel}","templated":true}]}}