{"id":290,"date":"2018-04-26T08:36:32","date_gmt":"2018-04-26T12:36:32","guid":{"rendered":"https:\/\/maconneriedepot.com\/?page_id=290"},"modified":"2026-02-12T16:15:07","modified_gmt":"2026-02-12T21:15:07","slug":"contractors","status":"publish","type":"page","link":"https:\/\/maconneriedepot.com\/en\/contractors\/","title":{"rendered":"Contractors"},"content":{"rendered":"<div class=\"wpb-content-wrapper\"><p>[vc_row css_animation=&#8221;&#8221; row_type=&#8221;row&#8221; use_row_as_full_screen_section=&#8221;yes&#8221; type=&#8221;full_width&#8221; angled_section=&#8221;no&#8221; text_align=&#8221;center&#8221; background_image_as_pattern=&#8221;without_pattern&#8221; el_class=&#8221;rowTopBanner&#8221; z_index=&#8221;&#8221; css=&#8221;.vc_custom_1752156314806{background-image: url(https:\/\/maconneriedepot.com\/wp-content\/uploads\/2025\/07\/entrepreneur-hero.jpg?id=4074) !important;background-position: center !important;background-repeat: no-repeat !important;background-size: cover !important;border-radius: 1px !important;}&#8221;][vc_column][vc_column_text css=&#8221;&#8221; el_class=&#8221;titre_shadow&#8221;]<\/p>\n<h2>Contractors<\/h2>\n<p>[\/vc_column_text][\/vc_column][\/vc_row][vc_row css_animation=&#8221;&#8221; row_type=&#8221;row&#8221; use_row_as_full_screen_section=&#8221;no&#8221; type=&#8221;grid&#8221; angled_section=&#8221;no&#8221; text_align=&#8221;center&#8221; background_image_as_pattern=&#8221;without_pattern&#8221; z_index=&#8221;&#8221; el_class=&#8221;textContent entrepreneursPage&#8221; css=&#8221;.vc_custom_1524245658218{padding-top: 125px !important;padding-bottom: 80px !important;background-color: #f2f2f2 !important;}&#8221;][vc_column][vc_column_text css=&#8221;.vc_custom_1770930883249{margin-bottom: 100px !important;}&#8221;]<\/p>\n<div class=\"fleches\"><a href=\"#tools\"><img decoding=\"async\" src=\"https:\/\/maconneriedepot.com\/wp-content\/uploads\/2026\/02\/your_tools.svg\" alt=\"Your Tools\" \/><\/a><a href=\"#training\"><img decoding=\"async\" src=\"https:\/\/maconneriedepot.com\/wp-content\/uploads\/2026\/02\/your_training.svg\" alt=\"Your Training\" \/><\/a><\/div>\n<h2><strong>Why do business with us?<\/strong><\/h2>\n<p>At Ma\u00e7onnerie D\u00e9p\u00f4t, we understand the reality of an entrepreneur. Therefore, we adapt our services to your needs. Doing business with us comes with many benefits, enjoy![\/vc_column_text][\/vc_column][\/vc_row][vc_row css_animation=&#8221;&#8221; row_type=&#8221;row&#8221; use_row_as_full_screen_section=&#8221;no&#8221; type=&#8221;grid&#8221; angled_section=&#8221;no&#8221; text_align=&#8221;left&#8221; background_image_as_pattern=&#8221;without_pattern&#8221; el_class=&#8221;entrepreneur_icon_box&#8221; z_index=&#8221;&#8221;][vc_column width=&#8221;1\/4&#8243;]<span data-type=\"circle\"   class=\"qode_icon_shortcode fa-stack q_font_awsome_icon_stack fa-3x pull-center \" style=\" \"><i class=\"fa fa-circle fa-stack-base fa-stack-2x\" style=\"color: #336633;\"><\/i><i class=\"qode_icon_font_awesome fa fa-users qode_icon_element fa-stack-1x\" style=\"\" ><\/i><\/span>[vc_column_text css=&#8221;&#8221;]<\/p>\n<h3>An available team<\/h3>\n<p>Our team is available for you and offers exceptional communication to meet your needs in the shortest time.[\/vc_column_text][\/vc_column][vc_column width=&#8221;1\/4&#8243;]<span data-type=\"circle\"   class=\"qode_icon_shortcode fa-stack q_font_awsome_icon_stack fa-3x pull-center \" style=\" \"><i class=\"fa fa-circle fa-stack-base fa-stack-2x\" style=\"color: #336633;\"><\/i><i class=\"qode_icon_font_awesome fa fa-map-marker qode_icon_element fa-stack-1x\" style=\"\" ><\/i><\/span>[vc_column_text css=&#8221;&#8221;]<\/p>\n<h3>Strategic and convenient location<\/h3>\n<p>We have a strategic location to meet the needs of residents in Gatineau, Hull, and Ottawa.[\/vc_column_text][\/vc_column][vc_column width=&#8221;1\/4&#8243;]<span data-type=\"circle\"   class=\"qode_icon_shortcode fa-stack q_font_awsome_icon_stack fa-3x pull-center \" style=\" \"><i class=\"fa fa-circle fa-stack-base fa-stack-2x\" style=\"color: #336633;\"><\/i><i class=\"qode_icon_font_awesome fa fa-shopping-cart qode_icon_element fa-stack-1x\" style=\"\" ><\/i><\/span>[vc_column_text css=&#8221;&#8221;]<\/p>\n<h3>Serious buyers<\/h3>\n<p>The more you buy, the more you will get to enjoy exclusive benefits![\/vc_column_text][\/vc_column][vc_column width=&#8221;1\/4&#8243;]<span data-type=\"circle\"   class=\"qode_icon_shortcode fa-stack q_font_awsome_icon_stack fa-3x pull-center \" style=\" \"><i class=\"fa fa-circle fa-stack-base fa-stack-2x\" style=\"color: #336633;\"><\/i><i class=\"qode_icon_font_awesome fa fa-usd qode_icon_element fa-stack-1x\" style=\"\" ><\/i><\/span>[vc_column_text css=&#8221;&#8221;]<\/p>\n<h3>Competitive prices<\/h3>\n<p>In addition to offering a wide selection of products, our prices are among the most competitive in the region![\/vc_column_text][\/vc_column][vc_column width=&#8221;1\/4&#8243;]<span data-type=\"circle\"   class=\"qode_icon_shortcode fa-stack q_font_awsome_icon_stack fa-3x pull-center \" style=\" \"><i class=\"fa fa-circle fa-stack-base fa-stack-2x\" style=\"color: #336633;\"><\/i><i class=\"qode_icon_font_awesome fa fa-truck qode_icon_element fa-stack-1x\" style=\"\" ><\/i><\/span>[vc_column_text css=&#8221;&#8221;]<\/p>\n<h3>Delivery<\/h3>\n<p>We avoid you the commute so that you have more time to enjoy the rest.<\/p>\n<p>&#8211; 1 cube truck<br \/>\n&#8211; 7 trailer trucks<\/p>\n<p>Throughout the Outaouais region and beyond[\/vc_column_text][\/vc_column][vc_column width=&#8221;1\/4&#8243;]<span data-type=\"circle\"   class=\"qode_icon_shortcode fa-stack q_font_awsome_icon_stack fa-3x pull-center \" style=\" \"><i class=\"fa fa-circle fa-stack-base fa-stack-2x\" style=\"color: #336633;\"><\/i><i class=\"qode_icon_font_awesome fa fa-eye qode_icon_element fa-stack-1x\" style=\"\" ><\/i><\/span>[vc_column_text css=&#8221;&#8221;]<\/p>\n<h3>Huge inventory<\/h3>\n<p>We have the largest inventory of outdoor home decor in the area! Whatever you\u2019re looking for, you will find it at Ma\u00e7onnerie D\u00e9p\u00f4t![\/vc_column_text][\/vc_column][vc_column width=&#8221;1\/4&#8243;]<span data-type=\"circle\"   class=\"qode_icon_shortcode fa-stack q_font_awsome_icon_stack fa-3x pull-center \" style=\" \"><i class=\"fa fa-circle fa-stack-base fa-stack-2x\" style=\"color: #336633;\"><\/i><i class=\"qode_icon_font_awesome fa fa-wrench qode_icon_element fa-stack-1x\" style=\"\" ><\/i><\/span>[vc_column_text css=&#8221;&#8221;]<\/p>\n<h3>Service to your image<\/h3>\n<p>Our service team is carefully selected to provide you with exemplary service.[\/vc_column_text][\/vc_column][\/vc_row][vc_row css_animation=&#8221;&#8221; row_type=&#8221;row&#8221; use_row_as_full_screen_section=&#8221;no&#8221; type=&#8221;grid&#8221; angled_section=&#8221;no&#8221; text_align=&#8221;left&#8221; background_image_as_pattern=&#8221;without_pattern&#8221; el_class=&#8221;entrepreneur_boutons&#8221; z_index=&#8221;&#8221; el_id=&#8221;tools&#8221;][vc_column]<a  itemprop=\"url\" href=\"https:\/\/maconneriedepot.com\/en\/deliveries\/\" target=\"_self\" data-hover-background-color=#336633 data-hover-color=#FFFFFF class=\"qbutton  default\" style=\"color: #FFFFFF; border-color: #00000000; font-style: normal; font-weight: 300; font-family: Helvetica; text-transform: uppercase; font-size: 17px; border-radius: 8pxpx;-moz-border-radius: 8pxpx;-webkit-border-radius: 8pxpx; background-color: #FF9933;\">Deliveries<i class=\"qode_icon_font_awesome fa fa-truck qode_button_icon_element\" style=\"color: #FFFFFF;\" ><\/i><\/a><a  itemprop=\"url\" href=\"https:\/\/maconneriedepot.com\/en\/catalogs\/\" target=\"_self\" data-hover-background-color=#336633 data-hover-color=#FFFFFF class=\"qbutton  default\" style=\"color: #FFFFFF; font-style: normal; font-weight: 300; font-family: Helvetica; text-transform: uppercase; font-size: 17px; border-radius: 8pxpx;-moz-border-radius: 8pxpx;-webkit-border-radius: 8pxpx; background-color: #FF9933;\">Catalogs<i class=\"qode_icon_font_awesome fa fa-truck qode_button_icon_element\" style=\"color: #FFFFFF;\" ><\/i><\/a><a  itemprop=\"url\" href=\"https:\/\/www.omnicalculator.com\/math\/area\" target=\"_blank\" data-hover-background-color=#336633 data-hover-color=#FFFFFF class=\"qbutton  default\" style=\"color: #FFFFFF; font-style: normal; font-weight: 300; font-family: Helvetica; text-transform: uppercase; font-size: 17px; border-radius: 8pxpx;-moz-border-radius: 8pxpx;-webkit-border-radius: 8pxpx; background-color: #FF9933;\">Area calculator<i class=\"qode_icon_font_awesome fa fa-calculator qode_button_icon_element\" style=\"color: #FFFFFF;\" ><\/i><\/a><a  itemprop=\"url\" href=\"https:\/\/maconneriedepot.com\/wp-content\/uploads\/2025\/09\/Document-Produits-Canadiens.pdf\" target=\"_blank\" data-hover-background-color=#336633 data-hover-border-color=#336633 data-hover-color=#FFFFFF class=\"qbutton  center default\" style=\"color: #FFFFFF; border-color: #FF9933; font-style: normal; font-weight: 300; font-family: Helvetica; text-transform: uppercase; font-size: 17px; border-radius: 8pxpx;-moz-border-radius: 8pxpx;-webkit-border-radius: 8pxpx; background-color: #FF9933;\">Canadian products<\/a><a  itemprop=\"url\" href=\"https:\/\/maconneriedepot.com\/wp-content\/uploads\/2025\/09\/Pamphlet-Maconnerie-Depot-FR.pdf\" target=\"_blank\" data-hover-background-color=#336633 data-hover-border-color=#336633 data-hover-color=#FFFFFF class=\"qbutton  center default\" style=\"color: #FFFFFF; border-color: #FF9933; font-style: normal; font-weight: 300; font-family: Helvetica; text-transform: uppercase; font-size: 17px; border-radius: 8pxpx;-moz-border-radius: 8pxpx;-webkit-border-radius: 8pxpx; background-color: #FF9933;\">Pamphlet (FR)<\/a><a  itemprop=\"url\" href=\"https:\/\/maconneriedepot.com\/wp-content\/uploads\/2025\/09\/Pamphlet-Maconnerie-Depot-AN.pdf\" target=\"_blank\" data-hover-background-color=#336633 data-hover-border-color=#336633 data-hover-color=#FFFFFF class=\"qbutton  center default\" style=\"color: #FFFFFF; border-color: #FF9933; font-style: normal; font-weight: 300; font-family: Helvetica; text-transform: uppercase; font-size: 17px; border-radius: 8pxpx;-moz-border-radius: 8pxpx;-webkit-border-radius: 8pxpx; background-color: #FF9933;\">Pamphlet (EN)<\/a>[\/vc_column][\/vc_row][vc_row css_animation=&#8221;&#8221; row_type=&#8221;row&#8221; use_row_as_full_screen_section=&#8221;no&#8221; type=&#8221;grid&#8221; angled_section=&#8221;no&#8221; text_align=&#8221;center&#8221; background_image_as_pattern=&#8221;without_pattern&#8221; z_index=&#8221;&#8221; el_class=&#8221;entrepreneursPage entrepreneur_formations&#8221; css=&#8221;.vc_custom_1770930904715{padding-top: 125px !important;padding-bottom: 80px !important;background-color: #f2f2f2 !important;}&#8221; el_id=&#8221;training&#8221;][vc_column][vc_column_text css=&#8221;.vc_custom_1752172769841{margin-bottom: 0px !important;}&#8221;]<\/p>\n<h2>Specialized training available<\/h2>\n<p class=\"p1\">Entrepreneurs have access to a number of training courses offered by recognized industry partners. These courses enable them to perfect their skills in key areas such as management, marketing, technology, finance and sustainable development.<\/p>\n<h3>Companies offering training<\/h3>\n<p class=\"p1\">Here are the partner companies where you can take specialized training courses:<\/p>\n<p>[\/vc_column_text][vc_raw_html css=&#8221;&#8221;]JTNDZGl2JTIwY2xhc3MlM0QlMjJlbnRyZXByZW5ldXJfZm9ybWF0aW9uc19sb2dvcyUyMiUzRSUwQSUyMCUyMCUyMCUyMCUzQ2RpdiUyMGNsYXNzJTNEJTIyZW50cmVwcmVuZXVyX2Zvcm1hdGlvbnNfbG9nb3NfaW5uZXIlMjIlM0UlMEElMjAlMjAlMjAlMjAlMjAlMjAlMjAlMjAlM0NkaXYlM0UlMEElMjAlMjAlMjAlMjAlMjAlMjAlMjAlMjAlMjAlMjAlMjAlMjAlM0NkaXYlMjBjbGFzcyUzRCUyMmxvZ28lMjIlM0UlMEElMjAlMjAlMjAlMjAlMjAlMjAlMjAlMjAlMjAlMjAlMjAlMjAlMjAlMjAlMjAlMjAlM0NpbWclMjBzcmMlM0QlMjJodHRwcyUzQSUyRiUyRm1hY29ubmVyaWVkZXBvdC5jb20lMkZ3cC1jb250ZW50JTJGdXBsb2FkcyUyRjIwMjUlMkYwNyUyRnNvcHJlbWEtbG9nby5wbmclMjIlMjBhbHQlM0QlMjJTb3ByZW1hJTIyJTNFJTBBJTIwJTIwJTIwJTIwJTIwJTIwJTIwJTIwJTIwJTIwJTIwJTIwJTNDJTJGZGl2JTNFJTBBJTIwJTIwJTIwJTIwJTIwJTIwJTIwJTIwJTIwJTIwJTIwJTIwJTNDaDQlM0VTb3ByZW1hJTIwLSUyMFBWQyUyMGZhYnJpY3MlM0MlMkZoNCUzRSUwQSUyMCUyMCUyMCUyMCUyMCUyMCUyMCUyMCUzQyUyRmRpdiUzRSUwQSUyMCUyMCUyMCUyMCUyMCUyMCUyMCUyMCUzQ2RpdiUzRSUwQSUyMCUyMCUyMCUyMCUyMCUyMCUyMCUyMCUyMCUyMCUyMCUyMCUzQ2RpdiUyMGNsYXNzJTNEJTIybG9nbyUyMiUzRSUwQSUyMCUyMCUyMCUyMCUyMCUyMCUyMCUyMCUyMCUyMCUyMCUyMCUyMCUyMCUyMCUyMCUzQ2ltZyUyMHNyYyUzRCUyMmh0dHBzJTNBJTJGJTJGbWFjb25uZXJpZWRlcG90LmNvbSUyRndwLWNvbnRlbnQlMkZ1cGxvYWRzJTJGMjAyNSUyRjA3JTJGbnVkdXJhLWxvZ28ucG5nJTIyJTIwYWx0JTNEJTIyTnVkdXJhJTIyJTNFJTBBJTIwJTIwJTIwJTIwJTIwJTIwJTIwJTIwJTIwJTIwJTIwJTIwJTNDJTJGZGl2JTNFJTBBJTIwJTIwJTIwJTIwJTIwJTIwJTIwJTIwJTIwJTIwJTIwJTIwJTNDaDQlM0VOdWR1cmElMjAtJTIwRm91bmRhdGlvbnMlM0MlMkZoNCUzRSUwQSUyMCUyMCUyMCUyMCUyMCUyMCUyMCUyMCUzQyUyRmRpdiUzRSUwQSUyMCUyMCUyMCUyMCUyMCUyMCUyMCUyMCUzQ2RpdiUzRSUwQSUyMCUyMCUyMCUyMCUyMCUyMCUyMCUyMCUyMCUyMCUyMCUyMCUzQ2RpdiUyMGNsYXNzJTNEJTIybG9nbyUyMiUzRSUwQSUyMCUyMCUyMCUyMCUyMCUyMCUyMCUyMCUyMCUyMCUyMCUyMCUyMCUyMCUyMCUyMCUzQ2ltZyUyMHNyYyUzRCUyMmh0dHBzJTNBJTJGJTJGbWFjb25uZXJpZWRlcG90LmNvbSUyRndwLWNvbnRlbnQlMkZ1cGxvYWRzJTJGMjAyNSUyRjA3JTJGUGVybWFjb24uc3ZnJTIyJTIwYWx0JTNEJTIyUGVybWFjb24lMjIlM0UlMEElMjAlMjAlMjAlMjAlMjAlMjAlMjAlMjAlMjAlMjAlMjAlMjAlM0MlMkZkaXYlM0UlMEElMjAlMjAlMjAlMjAlMjAlMjAlMjAlMjAlMjAlMjAlMjAlMjAlM0NoNCUzRVBlcm1hY29uJTIwJUUyJTgwJTkzJTIwUGVybWFjb24lMjBBY2FkZW15JTNDJTJGaDQlM0UlMEElMjAlMjAlMjAlMjAlMjAlMjAlMjAlMjAlM0MlMkZkaXYlM0UlMEElMjAlMjAlMjAlMjAlMjAlMjAlMjAlMjAlM0NkaXYlM0UlMEElMjAlMjAlMjAlMjAlMjAlMjAlMjAlMjAlMjAlMjAlMjAlMjAlM0NkaXYlMjBjbGFzcyUzRCUyMmxvZ28lMjIlM0UlMEElMjAlMjAlMjAlMjAlMjAlMjAlMjAlMjAlMjAlMjAlMjAlMjAlMjAlMjAlMjAlMjAlM0NpbWclMjBzcmMlM0QlMjJodHRwcyUzQSUyRiUyRm1hY29ubmVyaWVkZXBvdC5jb20lMkZ3cC1jb250ZW50JTJGdXBsb2FkcyUyRjIwMjUlMkYwNyUyRlRlY2hvLUJsb2Nfc3RhY2tfbG9nby1jaGFyY29hbC5zdmclMjIlMjBhbHQlM0QlMjJUZWNobyUyMEJsb2MlMjIlM0UlMEElMjAlMjAlMjAlMjAlMjAlMjAlMjAlMjAlMjAlMjAlMjAlMjAlM0MlMkZkaXYlM0UlMEElMjAlMjAlMjAlMjAlMjAlMjAlMjAlMjAlMjAlMjAlMjAlMjAlM0NoNCUzRVRlY2hvJTIwQmxvYyUyMCVFMiU4MCU5MyUyMFRlY2hvLXBybyUzQyUyRmg0JTNFJTBBJTIwJTIwJTIwJTIwJTIwJTIwJTIwJTIwJTNDJTJGZGl2JTNFJTBBJTIwJTIwJTIwJTIwJTIwJTIwJTIwJTIwJTNDZGl2JTNFJTBBJTIwJTIwJTIwJTIwJTIwJTIwJTIwJTIwJTIwJTIwJTIwJTIwJTNDZGl2JTIwY2xhc3MlM0QlMjJsb2dvJTIyJTNFJTBBJTIwJTIwJTIwJTIwJTIwJTIwJTIwJTIwJTIwJTIwJTIwJTIwJTIwJTIwJTIwJTIwJTNDaW1nJTIwc3JjJTNEJTIyJTJGd3AtY29udGVudCUyRnVwbG9hZHMlMkYyMDI2JTJGMDIlMkZiYXNlY3JldGVfbG9nby5zdmclMjIlMjBhbHQlM0QlMjJCYXNlY3JldGUlMjIlM0UlMEElMjAlMjAlMjAlMjAlMjAlMjAlMjAlMjAlMjAlMjAlMjAlMjAlM0MlMkZkaXYlM0UlMEElMjAlMjAlMjAlMjAlMjAlMjAlMjAlMjAlMjAlMjAlMjAlMjAlM0NoNCUzRUJhc2VjcmV0ZSUzQyUyRmg0JTNFJTBBJTIwJTIwJTIwJTIwJTIwJTIwJTIwJTIwJTNDJTJGZGl2JTNFJTBBJTIwJTIwJTIwJTIwJTNDJTJGZGl2JTNFJTBBJTIwJTIwJTIwJTIwJTNDcCUzRVBlb3BsZSUyMGhhdmUlMjB0byUyMGdvJTIwdGhyb3VnaCUyMHVzJTJDJTIwbm90JTIwdGhlJTIwY29tcGFueSUyQyUyMHRvJTIwZ2V0JTIwdHJhaW5pbmcuJTNDJTJGcCUzRSUwQSUzQyUyRmRpdiUzRSUwQQ==[\/vc_raw_html][\/vc_column][\/vc_row][vc_row css_animation=&#8221;&#8221; row_type=&#8221;row&#8221; use_row_as_full_screen_section=&#8221;no&#8221; type=&#8221;full_width&#8221; angled_section=&#8221;no&#8221; text_align=&#8221;left&#8221; background_image_as_pattern=&#8221;without_pattern&#8221; background_color=&#8221;#336633&#8243; border_color=&#8221;#336633&#8243; el_class=&#8221;rowSoumission&#8221; z_index=&#8221;&#8221;][vc_column][vc_row_inner row_type=&#8221;row&#8221; type=&#8221;grid&#8221; text_align=&#8221;left&#8221; css_animation=&#8221;&#8221; el_id=&#8221;rowSoumissionText&#8221;][vc_column_inner el_class=&#8221;col1&#8243; width=&#8221;2\/3&#8243;][vc_column_text]No time to wait? Ask for a free quote right away![\/vc_column_text][\/vc_column_inner][vc_column_inner el_class=&#8221;col2&#8243; width=&#8221;1\/3&#8243;]<a id=\"soumissionFormShow\" itemprop=\"url\" href=\"#\" target=\"_blank\" data-hover-background-color=#ff8618 data-hover-border-color=#ff8618  class=\"qbutton  left default\" style=\"color: #ffffff; border-color: #ff9933; font-style: normal; font-weight: 300; font-family: Helvetica; text-transform: uppercase; font-size: 17px; margin: 35px 20px; border-radius: 8px;-moz-border-radius: 8px;-webkit-border-radius: 8px; background-color: #ff9933;\">Free Quote<\/a>[\/vc_column_inner][\/vc_row_inner][\/vc_column][\/vc_row][vc_row css_animation=&#8221;&#8221; row_type=&#8221;row&#8221; use_row_as_full_screen_section=&#8221;no&#8221; type=&#8221;full_width&#8221; angled_section=&#8221;no&#8221; text_align=&#8221;left&#8221; background_image_as_pattern=&#8221;without_pattern&#8221;][vc_column]<div class=\"templatera_shortcode\"><div id=\"scrollToMap\"     class=\"vc_row wpb_row section vc_row-fluid  rowEmplacement\" style='background-color:#ff9933; text-align:left;'><div class=\" full_section_inner clearfix\"><div class=\"wpb_column vc_column_container vc_col-sm-12\"><div class=\"vc_column-inner\"><div class=\"wpb_wrapper\"><div      class=\"vc_row wpb_row section vc_row-fluid vc_inner \" style=' text-align:left;'><div class=\" full_section_inner clearfix\"><div class=\"wpb_column vc_column_container vc_col-sm-5\" id=\"rowMapText\"><div class=\"vc_column-inner\"><div class=\"wpb_wrapper\">\n\t<div class=\"wpb_text_column wpb_content_element  rowMapTextBlock\">\n\t\t<div class=\"wpb_wrapper\">\n\t\t\t<h2>Our Location<\/h2>\n<p>You can find us at 444 rue Saint-Louis, Gatineau, Quebec, J8P 8B3.<\/p>\n\n\t\t<\/div> \n\t<\/div> <div class='q_icon_with_title tiny custom_icon_image '><div class=\"icon_holder \" style=\" \"><img decoding=\"async\" itemprop=\"image\" style=\"\" src=\"https:\/\/maconneriedepot.com\/wp-content\/uploads\/2018\/04\/iconMail.png\" alt=\"\"><\/div><div class=\"icon_text_holder\" style=\"\"><div class=\"icon_text_inner\" style=\"\"><h5 class=\"icon_title\" style=\"\"><\/h5><p style=''><\/p><a itemprop='url' class='icon_with_title_link' href='mailto:info@maconneriedepot.com' target='_blank' style=''>info@maconneriedepot.com<\/a><\/div><\/div><\/div><div class='q_icon_with_title tiny custom_icon_image '><div class=\"icon_holder \" style=\" \"><img decoding=\"async\" itemprop=\"image\" style=\"\" src=\"https:\/\/maconneriedepot.com\/wp-content\/uploads\/2018\/04\/iconPhone.png\" alt=\"\"><\/div><div class=\"icon_text_holder\" style=\"\"><div class=\"icon_text_inner\" style=\"\"><h5 class=\"icon_title\" style=\"\"><\/h5><p style=''><\/p><a itemprop='url' class='icon_with_title_link' href='tel:8196630211' target='_blank' style=''>819-663-0211<\/a><\/div><\/div><\/div><a  itemprop=\"url\" href=\"\/en\/contact-us\/\" target=\"_self\" data-hover-background-color=#ffffff data-hover-border-color=#ff9933  class=\"qbutton  center default\" style=\"color: #ff9933; border-color: #ff9933; font-weight: 400; font-family: Helvetica; text-transform: uppercase; font-size: 14px; border-radius: 6px;-moz-border-radius: 6px;-webkit-border-radius: 6px; background-color: #ffffff;\">Contact Us<\/a><\/div><\/div><\/div><div class=\"wpb_column vc_column_container vc_col-sm-7\"><div class=\"vc_column-inner\"><div class=\"wpb_wrapper\"><div class='google_map_shortcode_holder' style='height:550px;'><div class='qode_google_map' style='height:550px;' id='map_canvas_47378' data-addresses='[\"444 rue Saint-Louis, Gatineau, Qu\u00e9bec, J8P 8B3\"]' data-custom-map-style='false' data-color-overlay='#393939' data-saturation='-100' data-lightness='-60' data-zoom='9' data-pin='https:\/\/maconneriedepot.com\/wp-content\/uploads\/2018\/04\/mapPin1.png' data-unique-id='47378' data-google-maps-scroll-wheel='false' data-snazzy-map-style='yes' data-map-height='550'><\/div><input type=\"hidden\" class=\"qode-snazzy-map\" value=\"`{`\r\n{\r\n``featureType``: ``all``,\r\n``elementType``: ``labels.text.fill``,\r\n``stylers``: `{`\r\n{\r\n``saturation``: 36\r\n},\r\n{\r\n``color``: ``#333333``\r\n},\r\n{\r\n``lightness``: 40\r\n}\r\n`}`\r\n},\r\n{\r\n``featureType``: ``all``,\r\n``elementType``: ``labels.text.stroke``,\r\n``stylers``: `{`\r\n{\r\n``visibility``: ``on``\r\n},\r\n{\r\n``color``: ``#ffffff``\r\n},\r\n{\r\n``lightness``: 16\r\n}\r\n`}`\r\n},\r\n{\r\n``featureType``: ``all``,\r\n``elementType``: ``labels.icon``,\r\n``stylers``: `{`\r\n{\r\n``visibility``: ``off``\r\n}\r\n`}`\r\n},\r\n{\r\n``featureType``: ``administrative``,\r\n``elementType``: ``geometry.fill``,\r\n``stylers``: `{`\r\n{\r\n``color``: ``#fefefe``\r\n},\r\n{\r\n``lightness``: 20\r\n}\r\n`}`\r\n},\r\n{\r\n``featureType``: ``administrative``,\r\n``elementType``: ``geometry.stroke``,\r\n``stylers``: `{`\r\n{\r\n``color``: ``#fefefe``\r\n},\r\n{\r\n``lightness``: 17\r\n},\r\n{\r\n``weight``: 1.2\r\n}\r\n`}`\r\n},\r\n{\r\n``featureType``: ``landscape``,\r\n``elementType``: ``geometry``,\r\n``stylers``: `{`\r\n{\r\n``color``: ``#f5f5f5``\r\n},\r\n{\r\n``lightness``: 20\r\n}\r\n`}`\r\n},\r\n{\r\n``featureType``: ``poi``,\r\n``elementType``: ``geometry``,\r\n``stylers``: `{`\r\n{\r\n``color``: ``#f5f5f5``\r\n},\r\n{\r\n``lightness``: 21\r\n}\r\n`}`\r\n},\r\n{\r\n``featureType``: ``poi.park``,\r\n``elementType``: ``geometry``,\r\n``stylers``: `{`\r\n{\r\n``color``: ``#dedede``\r\n},\r\n{\r\n``lightness``: 21\r\n}\r\n`}`\r\n},\r\n{\r\n``featureType``: ``road.highway``,\r\n``elementType``: ``geometry.fill``,\r\n``stylers``: `{`\r\n{\r\n``color``: ``#ffffff``\r\n},\r\n{\r\n``lightness``: 17\r\n}\r\n`}`\r\n},\r\n{\r\n``featureType``: ``road.highway``,\r\n``elementType``: ``geometry.stroke``,\r\n``stylers``: `{`\r\n{\r\n``color``: ``#ffffff``\r\n},\r\n{\r\n``lightness``: 29\r\n},\r\n{\r\n``weight``: 0.2\r\n}\r\n`}`\r\n},\r\n{\r\n``featureType``: ``road.arterial``,\r\n``elementType``: ``geometry``,\r\n``stylers``: `{`\r\n{\r\n``color``: ``#ffffff``\r\n},\r\n{\r\n``lightness``: 18\r\n}\r\n`}`\r\n},\r\n{\r\n``featureType``: ``road.local``,\r\n``elementType``: ``geometry``,\r\n``stylers``: `{`\r\n{\r\n``color``: ``#ffffff``\r\n},\r\n{\r\n``lightness``: 16\r\n}\r\n`}`\r\n},\r\n{\r\n``featureType``: ``transit``,\r\n``elementType``: ``geometry``,\r\n``stylers``: `{`\r\n{\r\n``color``: ``#f2f2f2``\r\n},\r\n{\r\n``lightness``: 19\r\n}\r\n`}`\r\n},\r\n{\r\n``featureType``: ``water``,\r\n``elementType``: ``geometry``,\r\n``stylers``: `{`\r\n{\r\n``color``: ``#e9e9e9``\r\n},\r\n{\r\n``lightness``: 17\r\n}\r\n`}`\r\n}\r\n`}` \" \/><div class='google_map_shortcode_overlay'><\/div><\/div>\n\t<div class=\"wpb_raw_code wpb_raw_js\" >\n\t\t<div class=\"wpb_wrapper\">\n\t\t\t<script type=\"text\/javascript\">\n  jQuery(document).ready(function() {\n    if(jQuery(window).width()>1199){\n      var rowMapLeft = jQuery(\".header_bottom > .container > .container_inner\");\n      jQuery(\"#rowMapText\").css(\"padding-left\", rowMapLeft.offset().left);\n    }else{\n      jQuery(\"#rowMapText\").removeAttr(\"style\");\n    }\n  });\n  jQuery(window).on('resize', function(){\n    if(jQuery(window).width()>1199){\n      var rowMapLeft = jQuery(\".header_bottom > .container > .container_inner\");\n      jQuery(\"#rowMapText\").css(\"padding-left\", rowMapLeft.offset().left);\n    }else{\n      jQuery(\"#rowMapText\").removeAttr(\"style\");\n    }\n  });\n<\/script>\n\t\t<\/div>\n\t<\/div>\n<\/div><\/div><\/div><\/div><\/div><\/div><\/div><\/div><\/div><\/div><\/div>[\/vc_column][\/vc_row][vc_row css_animation=&#8221;&#8221; row_type=&#8221;row&#8221; use_row_as_full_screen_section=&#8221;no&#8221; type=&#8221;full_width&#8221; angled_section=&#8221;no&#8221; text_align=&#8221;left&#8221; background_image_as_pattern=&#8221;without_pattern&#8221;][vc_column][vc_raw_js]JTNDc2NyaXB0JTIwdHlwZSUzRCUyMnRleHQlMkZqYXZhc2NyaXB0JTIyJTNFJTBBJTIwJTIwalF1ZXJ5JTI4ZG9jdW1lbnQlMjkucmVhZHklMjhmdW5jdGlvbiUyOCUyOSUyMCU3QiUwQSUyMCUyMCUyMCUyMGpRdWVyeSUyOCUyMi5yb3dTbGlkZUNhcm91c2VsJTIwLmltYWdlX3dpdGhfdGV4dCUyMiUyOS5wYXJlbnQlMjglMjIud3BiX3dyYXBwZXIlMjIlMjkuc2xpY2slMjglN0IlMEElMjAlMjAlMjAlMjAlMjAlMjBkb3RzJTNBJTIwdHJ1ZSUyQyUwQSUyMCUyMCUyMCUyMCUyMCUyMGFycm93cyUzQSUyMGZhbHNlJTJDJTBBJTIwJTIwJTIwJTIwJTIwJTIwaW5maW5pdGUlM0ElMjB0cnVlJTJDJTBBJTIwJTIwJTIwJTIwJTIwJTIwc3BlZWQlM0ElMjA1MDAlMEElMjAlMjAlMjAlMjAlN0QlMjklM0IlMEElMjAlMjAlN0QlMjklM0IlMEElM0MlMkZzY3JpcHQlM0UlMEE=[\/vc_raw_js][\/vc_column][\/vc_row]<\/p>\n<\/div>","protected":false},"excerpt":{"rendered":"Contractors Why do business with us? At Ma\u00e7onnerie D\u00e9p\u00f4t, we understand the reality of an entrepreneur. Therefore, we adapt our services to your needs. Doing business with us comes with many benefits, enjoy! An available team Our team is available for you and offers exceptional...","protected":false},"author":3,"featured_media":0,"parent":0,"menu_order":4,"comment_status":"closed","ping_status":"closed","template":"full_width.php","meta":{"_acf_changed":false,"inline_featured_image":false,"footnotes":""},"class_list":["post-290","page","type-page","status-publish","hentry"],"acf":[],"_links":{"self":[{"href":"https:\/\/maconneriedepot.com\/en\/wp-json\/wp\/v2\/pages\/290","targetHints":{"allow":["GET"]}}],"collection":[{"href":"https:\/\/maconneriedepot.com\/en\/wp-json\/wp\/v2\/pages"}],"about":[{"href":"https:\/\/maconneriedepot.com\/en\/wp-json\/wp\/v2\/types\/page"}],"author":[{"embeddable":true,"href":"https:\/\/maconneriedepot.com\/en\/wp-json\/wp\/v2\/users\/3"}],"replies":[{"embeddable":true,"href":"https:\/\/maconneriedepot.com\/en\/wp-json\/wp\/v2\/comments?post=290"}],"version-history":[{"count":19,"href":"https:\/\/maconneriedepot.com\/en\/wp-json\/wp\/v2\/pages\/290\/revisions"}],"predecessor-version":[{"id":5268,"href":"https:\/\/maconneriedepot.com\/en\/wp-json\/wp\/v2\/pages\/290\/revisions\/5268"}],"wp:attachment":[{"href":"https:\/\/maconneriedepot.com\/en\/wp-json\/wp\/v2\/media?parent=290"}],"curies":[{"name":"wp","href":"https:\/\/api.w.org\/{rel}","templated":true}]}}