{"id":3962,"date":"2025-07-09T14:22:10","date_gmt":"2025-07-09T18:22:10","guid":{"rendered":"https:\/\/maconneriedepot.com\/?page_id=3962"},"modified":"2025-07-10T14:20:56","modified_gmt":"2025-07-10T18:20:56","slug":"extruded-and-expanded-polystyrenes","status":"publish","type":"page","link":"https:\/\/maconneriedepot.com\/en\/products\/insulation-membranes-caulking\/extruded-and-expanded-polystyrenes\/","title":{"rendered":"Extruded and expanded polystyrenes"},"content":{"rendered":"<div class=\"wpb-content-wrapper\"><p>[vc_row css_animation=&#8221;&#8221; row_type=&#8221;row&#8221; use_row_as_full_screen_section=&#8221;no&#8221; type=&#8221;full_width&#8221; angled_section=&#8221;no&#8221; text_align=&#8221;left&#8221; background_image_as_pattern=&#8221;without_pattern&#8221; el_class=&#8221;innerBanner&#8221; z_index=&#8221;&#8221;][vc_column][vc_single_image image=&#8221;93&#8243; img_size=&#8221;full&#8221; qode_css_animation=&#8221;&#8221;][\/vc_column][\/vc_row][vc_row css_animation=&#8221;&#8221; row_type=&#8221;row&#8221; use_row_as_full_screen_section=&#8221;no&#8221; type=&#8221;grid&#8221; angled_section=&#8221;no&#8221; text_align=&#8221;left&#8221; background_image_as_pattern=&#8221;without_pattern&#8221; z_index=&#8221;&#8221; css=&#8221;.vc_custom_1524490383355{padding-top: 90px !important;padding-bottom: 70px !important;background-color: #ffffff !important;}&#8221; el_class=&#8221;produitsContent&#8221;][vc_column][vc_column_text css=&#8221;&#8221;]<\/p>\n<h2>Extruded and expanded polystyrenes<\/h2>\n<p>[\/vc_column_text][\/vc_column][\/vc_row][vc_row css_animation=&#8221;&#8221; row_type=&#8221;row&#8221; use_row_as_full_screen_section=&#8221;no&#8221; type=&#8221;full_width&#8221; angled_section=&#8221;no&#8221; text_align=&#8221;left&#8221; background_image_as_pattern=&#8221;without_pattern&#8221;][vc_column][vc_column_text css=&#8221;&#8221;]\n    <div class=\"fournisseurs_sc\">\n        <div class=\"fournisseurs_sc_inner\">\n\n            \n                            <h2>Special Order<\/h2>\n                <div class=\"fournisseurs fournisseurs_commande\">\n                                            <a\n                            href=\"https:\/\/www.dupont.com\/building\/styrofoam.html\"\n                            target=\"_blank\" rel=\"noopener\"\n                            title=\"Polystyr\u00e8nes extrud\u00e9s et expans\u00e9s - Dupont Dow\"\n                            class=\"fournisseur\"\n                            aria-label=\"See products \u2014 Polystyr\u00e8nes extrud\u00e9s et expans\u00e9s - Dupont Dow\"\n                        >\n                            <span class=\"fournisseur_logo\">\n                                                                    <img decoding=\"async\" src=\"https:\/\/maconneriedepot.com\/wp-content\/uploads\/2025\/07\/dupont-dow-logo.jpg\" alt=\"Dupont Dow\">\n                                                            <\/span>\n                            <span class=\"fournisseur_lien\">\n                                <span>See products<\/span>\n                            <\/span>\n                        <\/a>\n                                            <a\n                            href=\"https:\/\/groupepolymos.com\/en\/\"\n                            target=\"_blank\" rel=\"noopener\"\n                            title=\"Polystyr\u00e8nes extrud\u00e9s et expans\u00e9s - Polymform\"\n                            class=\"fournisseur\"\n                            aria-label=\"See products \u2014 Polystyr\u00e8nes extrud\u00e9s et expans\u00e9s - Polymform\"\n                        >\n                            <span class=\"fournisseur_logo\">\n                                                                    <img decoding=\"async\" src=\"https:\/\/maconneriedepot.com\/wp-content\/uploads\/2025\/07\/polyform-logo.png\" alt=\"Polymform\">\n                                                            <\/span>\n                            <span class=\"fournisseur_lien\">\n                                <span>See products<\/span>\n                            <\/span>\n                        <\/a>\n                                    <\/div>\n            \n        <\/div>\n    <\/div>\n\n    [\/vc_column_text][\/vc_column][\/vc_row][vc_row css_animation=&#8221;&#8221; row_type=&#8221;row&#8221; use_row_as_full_screen_section=&#8221;no&#8221; type=&#8221;full_width&#8221; angled_section=&#8221;no&#8221; text_align=&#8221;left&#8221; background_image_as_pattern=&#8221;without_pattern&#8221; background_color=&#8221;#336633&#8243; border_color=&#8221;#336633&#8243; el_class=&#8221;rowSoumission&#8221; z_index=&#8221;&#8221;][vc_column][vc_row_inner row_type=&#8221;row&#8221; type=&#8221;grid&#8221; text_align=&#8221;left&#8221; css_animation=&#8221;&#8221; el_id=&#8221;rowSoumissionText&#8221; el_class=&#8221;notreAdresse&#8221;][vc_column_inner el_class=&#8221;col1&#8243; width=&#8221;2\/3&#8243;][vc_column_text]Ready to start your project? Come visit us![\/vc_column_text][\/vc_column_inner][vc_column_inner el_class=&#8221;col2&#8243; width=&#8221;1\/3&#8243;][vc_raw_html]JTVCcHMyaWQlMjB1cmwlM0QlMjclMjNzY3JvbGxUb01hcCUyNyUyMG9mZnNldCUzRCUyNzEwMCUyNyU1RE91ciUyMEFkZHJlc3MlNUIlMkZwczJpZCU1RA==[\/vc_raw_html][\/vc_column_inner][\/vc_row_inner][\/vc_column][\/vc_row][vc_row css_animation=&#8221;&#8221; row_type=&#8221;row&#8221; use_row_as_full_screen_section=&#8221;no&#8221; type=&#8221;full_width&#8221; angled_section=&#8221;no&#8221; text_align=&#8221;left&#8221; background_image_as_pattern=&#8221;without_pattern&#8221;][vc_column]<div class=\"templatera_shortcode\"><div id=\"scrollToMap\"     class=\"vc_row wpb_row section vc_row-fluid  rowEmplacement\" style='background-color:#ff9933; text-align:left;'><div class=\" full_section_inner clearfix\"><div class=\"wpb_column vc_column_container vc_col-sm-12\"><div class=\"vc_column-inner\"><div class=\"wpb_wrapper\"><div      class=\"vc_row wpb_row section vc_row-fluid vc_inner \" style=' text-align:left;'><div class=\" full_section_inner clearfix\"><div class=\"wpb_column vc_column_container vc_col-sm-5\" id=\"rowMapText\"><div class=\"vc_column-inner\"><div class=\"wpb_wrapper\">\n\t<div class=\"wpb_text_column wpb_content_element  rowMapTextBlock\">\n\t\t<div class=\"wpb_wrapper\">\n\t\t\t<h2>Our Location<\/h2>\n<p>You can find us at 444 rue Saint-Louis, Gatineau, Quebec, J8P 8B3.<\/p>\n\n\t\t<\/div> \n\t<\/div> <div class='q_icon_with_title tiny custom_icon_image '><div class=\"icon_holder \" style=\" \"><img decoding=\"async\" itemprop=\"image\" style=\"\" src=\"https:\/\/maconneriedepot.com\/wp-content\/uploads\/2018\/04\/iconMail.png\" alt=\"\"><\/div><div class=\"icon_text_holder\" style=\"\"><div class=\"icon_text_inner\" style=\"\"><h5 class=\"icon_title\" style=\"\"><\/h5><p style=''><\/p><a itemprop='url' class='icon_with_title_link' href='mailto:info@maconneriedepot.com' target='_blank' style=''>info@maconneriedepot.com<\/a><\/div><\/div><\/div><div class='q_icon_with_title tiny custom_icon_image '><div class=\"icon_holder \" style=\" \"><img decoding=\"async\" itemprop=\"image\" style=\"\" src=\"https:\/\/maconneriedepot.com\/wp-content\/uploads\/2018\/04\/iconPhone.png\" alt=\"\"><\/div><div class=\"icon_text_holder\" style=\"\"><div class=\"icon_text_inner\" style=\"\"><h5 class=\"icon_title\" style=\"\"><\/h5><p style=''><\/p><a itemprop='url' class='icon_with_title_link' href='tel:8196630211' target='_blank' style=''>819-663-0211<\/a><\/div><\/div><\/div><a  itemprop=\"url\" href=\"\/en\/contact-us\/\" target=\"_self\" data-hover-background-color=#ffffff data-hover-border-color=#ff9933  class=\"qbutton  center default\" style=\"color: #ff9933; border-color: #ff9933; font-weight: 400; font-family: Helvetica; text-transform: uppercase; font-size: 14px; border-radius: 6px;-moz-border-radius: 6px;-webkit-border-radius: 6px; background-color: #ffffff;\">Contact Us<\/a><\/div><\/div><\/div><div class=\"wpb_column vc_column_container vc_col-sm-7\"><div class=\"vc_column-inner\"><div class=\"wpb_wrapper\"><div class='google_map_shortcode_holder' style='height:550px;'><div class='qode_google_map' style='height:550px;' id='map_canvas_80253' data-addresses='[\"444 rue Saint-Louis, Gatineau, Qu\u00e9bec, J8P 8B3\"]' data-custom-map-style='false' data-color-overlay='#393939' data-saturation='-100' data-lightness='-60' data-zoom='9' data-pin='https:\/\/maconneriedepot.com\/wp-content\/uploads\/2018\/04\/mapPin1.png' data-unique-id='80253' data-google-maps-scroll-wheel='false' data-snazzy-map-style='yes' data-map-height='550'><\/div><input type=\"hidden\" class=\"qode-snazzy-map\" value=\"`{`\r\n{\r\n``featureType``: ``all``,\r\n``elementType``: ``labels.text.fill``,\r\n``stylers``: `{`\r\n{\r\n``saturation``: 36\r\n},\r\n{\r\n``color``: ``#333333``\r\n},\r\n{\r\n``lightness``: 40\r\n}\r\n`}`\r\n},\r\n{\r\n``featureType``: ``all``,\r\n``elementType``: ``labels.text.stroke``,\r\n``stylers``: `{`\r\n{\r\n``visibility``: ``on``\r\n},\r\n{\r\n``color``: ``#ffffff``\r\n},\r\n{\r\n``lightness``: 16\r\n}\r\n`}`\r\n},\r\n{\r\n``featureType``: ``all``,\r\n``elementType``: ``labels.icon``,\r\n``stylers``: `{`\r\n{\r\n``visibility``: ``off``\r\n}\r\n`}`\r\n},\r\n{\r\n``featureType``: ``administrative``,\r\n``elementType``: ``geometry.fill``,\r\n``stylers``: `{`\r\n{\r\n``color``: ``#fefefe``\r\n},\r\n{\r\n``lightness``: 20\r\n}\r\n`}`\r\n},\r\n{\r\n``featureType``: ``administrative``,\r\n``elementType``: ``geometry.stroke``,\r\n``stylers``: `{`\r\n{\r\n``color``: ``#fefefe``\r\n},\r\n{\r\n``lightness``: 17\r\n},\r\n{\r\n``weight``: 1.2\r\n}\r\n`}`\r\n},\r\n{\r\n``featureType``: ``landscape``,\r\n``elementType``: ``geometry``,\r\n``stylers``: `{`\r\n{\r\n``color``: ``#f5f5f5``\r\n},\r\n{\r\n``lightness``: 20\r\n}\r\n`}`\r\n},\r\n{\r\n``featureType``: ``poi``,\r\n``elementType``: ``geometry``,\r\n``stylers``: `{`\r\n{\r\n``color``: ``#f5f5f5``\r\n},\r\n{\r\n``lightness``: 21\r\n}\r\n`}`\r\n},\r\n{\r\n``featureType``: ``poi.park``,\r\n``elementType``: ``geometry``,\r\n``stylers``: `{`\r\n{\r\n``color``: ``#dedede``\r\n},\r\n{\r\n``lightness``: 21\r\n}\r\n`}`\r\n},\r\n{\r\n``featureType``: ``road.highway``,\r\n``elementType``: ``geometry.fill``,\r\n``stylers``: `{`\r\n{\r\n``color``: ``#ffffff``\r\n},\r\n{\r\n``lightness``: 17\r\n}\r\n`}`\r\n},\r\n{\r\n``featureType``: ``road.highway``,\r\n``elementType``: ``geometry.stroke``,\r\n``stylers``: `{`\r\n{\r\n``color``: ``#ffffff``\r\n},\r\n{\r\n``lightness``: 29\r\n},\r\n{\r\n``weight``: 0.2\r\n}\r\n`}`\r\n},\r\n{\r\n``featureType``: ``road.arterial``,\r\n``elementType``: ``geometry``,\r\n``stylers``: `{`\r\n{\r\n``color``: ``#ffffff``\r\n},\r\n{\r\n``lightness``: 18\r\n}\r\n`}`\r\n},\r\n{\r\n``featureType``: ``road.local``,\r\n``elementType``: ``geometry``,\r\n``stylers``: `{`\r\n{\r\n``color``: ``#ffffff``\r\n},\r\n{\r\n``lightness``: 16\r\n}\r\n`}`\r\n},\r\n{\r\n``featureType``: ``transit``,\r\n``elementType``: ``geometry``,\r\n``stylers``: `{`\r\n{\r\n``color``: ``#f2f2f2``\r\n},\r\n{\r\n``lightness``: 19\r\n}\r\n`}`\r\n},\r\n{\r\n``featureType``: ``water``,\r\n``elementType``: ``geometry``,\r\n``stylers``: `{`\r\n{\r\n``color``: ``#e9e9e9``\r\n},\r\n{\r\n``lightness``: 17\r\n}\r\n`}`\r\n}\r\n`}` \" \/><div class='google_map_shortcode_overlay'><\/div><\/div>\n\t<div class=\"wpb_raw_code wpb_raw_js\" >\n\t\t<div class=\"wpb_wrapper\">\n\t\t\t<script type=\"text\/javascript\">\n  jQuery(document).ready(function() {\n    if(jQuery(window).width()>1199){\n      var rowMapLeft = jQuery(\".header_bottom > .container > .container_inner\");\n      jQuery(\"#rowMapText\").css(\"padding-left\", rowMapLeft.offset().left);\n    }else{\n      jQuery(\"#rowMapText\").removeAttr(\"style\");\n    }\n  });\n  jQuery(window).on('resize', function(){\n    if(jQuery(window).width()>1199){\n      var rowMapLeft = jQuery(\".header_bottom > .container > .container_inner\");\n      jQuery(\"#rowMapText\").css(\"padding-left\", rowMapLeft.offset().left);\n    }else{\n      jQuery(\"#rowMapText\").removeAttr(\"style\");\n    }\n  });\n<\/script>\n\t\t<\/div>\n\t<\/div>\n<\/div><\/div><\/div><\/div><\/div><\/div><\/div><\/div><\/div><\/div><\/div>[\/vc_column][\/vc_row]<\/p>\n<\/div>","protected":false},"excerpt":{"rendered":"Extruded and expanded polystyrenes Special Order See products See products Ready to start your project? Come visit us! Our Address Our Location You can find us at 444 rue Saint-Louis, Gatineau, Quebec, J8P 8B3. info@maconneriedepot.com819-663-0211Contact Us","protected":false},"author":3,"featured_media":0,"parent":3923,"menu_order":1,"comment_status":"closed","ping_status":"closed","template":"full_width.php","meta":{"_acf_changed":false,"inline_featured_image":false,"footnotes":""},"class_list":["post-3962","page","type-page","status-publish","hentry"],"acf":[],"_links":{"self":[{"href":"https:\/\/maconneriedepot.com\/en\/wp-json\/wp\/v2\/pages\/3962","targetHints":{"allow":["GET"]}}],"collection":[{"href":"https:\/\/maconneriedepot.com\/en\/wp-json\/wp\/v2\/pages"}],"about":[{"href":"https:\/\/maconneriedepot.com\/en\/wp-json\/wp\/v2\/types\/page"}],"author":[{"embeddable":true,"href":"https:\/\/maconneriedepot.com\/en\/wp-json\/wp\/v2\/users\/3"}],"replies":[{"embeddable":true,"href":"https:\/\/maconneriedepot.com\/en\/wp-json\/wp\/v2\/comments?post=3962"}],"version-history":[{"count":3,"href":"https:\/\/maconneriedepot.com\/en\/wp-json\/wp\/v2\/pages\/3962\/revisions"}],"predecessor-version":[{"id":4223,"href":"https:\/\/maconneriedepot.com\/en\/wp-json\/wp\/v2\/pages\/3962\/revisions\/4223"}],"up":[{"embeddable":true,"href":"https:\/\/maconneriedepot.com\/en\/wp-json\/wp\/v2\/pages\/3923"}],"wp:attachment":[{"href":"https:\/\/maconneriedepot.com\/en\/wp-json\/wp\/v2\/media?parent=3962"}],"curies":[{"name":"wp","href":"https:\/\/api.w.org\/{rel}","templated":true}]}}